{"id":288,"date":"2013-12-11T18:37:58","date_gmt":"2013-12-11T17:37:58","guid":{"rendered":"https:\/\/dentistetanger.com\/?page_id=288"},"modified":"2018-07-02T09:11:37","modified_gmt":"2018-07-02T08:11:37","slug":"hygiene-bucco-dentaire","status":"publish","type":"page","link":"https:\/\/dentistetanger.com\/es\/vous\/hygiene-bucco-dentaire\/","title":{"rendered":"Hygi\u00e8ne Bucco-Dentaire"},"content":{"rendered":"<h1 style=\"text-align: center;\"><\/h1>\n<p>&nbsp;<\/p>\n<p>&nbsp;<\/p>\n<p>&nbsp;<\/p>\n<h1 style=\"text-align: center;\">Bient\u00f4t en ligne &#8230;<\/h1>\n","protected":false},"excerpt":{"rendered":"<p>&nbsp; &nbsp; &nbsp; Bient\u00f4t en ligne &#8230;<\/p>\n","protected":false},"author":12,"featured_media":0,"parent":286,"menu_order":0,"comment_status":"closed","ping_status":"open","template":"template-videos.php","meta":{"_acf_changed":false,"footnotes":""},"class_list":["post-288","page","type-page","status-publish","hentry"],"acf":[],"yoast_head":"<!-- This site is optimized with the Yoast SEO plugin v27.4 - https:\/\/yoast.com\/product\/yoast-seo-wordpress\/ -->\n<title>Hygi\u00e8ne Bucco-Dentaire - Centre Dentaire Multisp\u00e9cialis\u00e9 de Tanger<\/title>\n<meta name=\"robots\" content=\"index, follow, max-snippet:-1, max-image-preview:large, max-video-preview:-1\" \/>\n<link rel=\"canonical\" href=\"https:\/\/dentistetanger.com\/es\/vous\/hygiene-bucco-dentaire\/\" \/>\n<meta property=\"og:locale\" content=\"es_ES\" \/>\n<meta property=\"og:type\" content=\"article\" \/>\n<meta property=\"og:title\" content=\"Hygi\u00e8ne Bucco-Dentaire - Centre Dentaire Multisp\u00e9cialis\u00e9 de Tanger\" \/>\n<meta property=\"og:description\" content=\"&nbsp; &nbsp; &nbsp; Bient\u00f4t en ligne &#8230;\" \/>\n<meta property=\"og:url\" content=\"https:\/\/dentistetanger.com\/es\/vous\/hygiene-bucco-dentaire\/\" \/>\n<meta property=\"og:site_name\" content=\"Centre Dentaire Multisp\u00e9cialis\u00e9 de Tanger\" \/>\n<meta property=\"article:modified_time\" content=\"2018-07-02T08:11:37+00:00\" \/>\n<meta name=\"twitter:card\" content=\"summary_large_image\" \/>\n<script type=\"application\/ld+json\" class=\"yoast-schema-graph\">{\"@context\":\"https:\\\/\\\/schema.org\",\"@graph\":[{\"@type\":\"WebPage\",\"@id\":\"https:\\\/\\\/dentistetanger.com\\\/es\\\/vous\\\/hygiene-bucco-dentaire\\\/\",\"url\":\"https:\\\/\\\/dentistetanger.com\\\/es\\\/vous\\\/hygiene-bucco-dentaire\\\/\",\"name\":\"Hygi\u00e8ne Bucco-Dentaire - Centre Dentaire Multisp\u00e9cialis\u00e9 de Tanger\",\"isPartOf\":{\"@id\":\"https:\\\/\\\/dentistetanger.com\\\/#website\"},\"datePublished\":\"2013-12-11T17:37:58+00:00\",\"dateModified\":\"2018-07-02T08:11:37+00:00\",\"breadcrumb\":{\"@id\":\"https:\\\/\\\/dentistetanger.com\\\/es\\\/vous\\\/hygiene-bucco-dentaire\\\/#breadcrumb\"},\"inLanguage\":\"es\",\"potentialAction\":[{\"@type\":\"ReadAction\",\"target\":[\"https:\\\/\\\/dentistetanger.com\\\/es\\\/vous\\\/hygiene-bucco-dentaire\\\/\"]}]},{\"@type\":\"BreadcrumbList\",\"@id\":\"https:\\\/\\\/dentistetanger.com\\\/es\\\/vous\\\/hygiene-bucco-dentaire\\\/#breadcrumb\",\"itemListElement\":[{\"@type\":\"ListItem\",\"position\":1,\"name\":\"Accueil\",\"item\":\"https:\\\/\\\/dentistetanger.com\\\/es\\\/\"},{\"@type\":\"ListItem\",\"position\":2,\"name\":\"Vous\",\"item\":\"https:\\\/\\\/dentistetanger.com\\\/es\\\/vous\\\/\"},{\"@type\":\"ListItem\",\"position\":3,\"name\":\"Hygi\u00e8ne Bucco-Dentaire\"}]},{\"@type\":\"WebSite\",\"@id\":\"https:\\\/\\\/dentistetanger.com\\\/#website\",\"url\":\"https:\\\/\\\/dentistetanger.com\\\/\",\"name\":\"Centre Dentaire Multisp\u00e9cialis\u00e9 de Tanger\",\"description\":\"La dentisterie du 21\u00e8me si\u00e8cle\",\"publisher\":{\"@id\":\"https:\\\/\\\/dentistetanger.com\\\/#organization\"},\"potentialAction\":[{\"@type\":\"SearchAction\",\"target\":{\"@type\":\"EntryPoint\",\"urlTemplate\":\"https:\\\/\\\/dentistetanger.com\\\/?s={search_term_string}\"},\"query-input\":{\"@type\":\"PropertyValueSpecification\",\"valueRequired\":true,\"valueName\":\"search_term_string\"}}],\"inLanguage\":\"es\"},{\"@type\":\"Organization\",\"@id\":\"https:\\\/\\\/dentistetanger.com\\\/#organization\",\"name\":\"Centre Dentaire Multisp\u00e9cialis\u00e9 de Tanger\",\"url\":\"https:\\\/\\\/dentistetanger.com\\\/\",\"logo\":{\"@type\":\"ImageObject\",\"inLanguage\":\"es\",\"@id\":\"https:\\\/\\\/dentistetanger.com\\\/#\\\/schema\\\/logo\\\/image\\\/\",\"url\":\"https:\\\/\\\/dentistetanger.com\\\/wp-content\\\/uploads\\\/2017\\\/10\\\/cropped-logo-1.jpg\",\"contentUrl\":\"https:\\\/\\\/dentistetanger.com\\\/wp-content\\\/uploads\\\/2017\\\/10\\\/cropped-logo-1.jpg\",\"width\":106,\"height\":158,\"caption\":\"Centre Dentaire Multisp\u00e9cialis\u00e9 de Tanger\"},\"image\":{\"@id\":\"https:\\\/\\\/dentistetanger.com\\\/#\\\/schema\\\/logo\\\/image\\\/\"}}]}<\/script>\n<!-- \/ Yoast SEO plugin. -->","yoast_head_json":{"title":"Hygi\u00e8ne Bucco-Dentaire - Centre Dentaire Multisp\u00e9cialis\u00e9 de Tanger","robots":{"index":"index","follow":"follow","max-snippet":"max-snippet:-1","max-image-preview":"max-image-preview:large","max-video-preview":"max-video-preview:-1"},"canonical":"https:\/\/dentistetanger.com\/es\/vous\/hygiene-bucco-dentaire\/","og_locale":"es_ES","og_type":"article","og_title":"Hygi\u00e8ne Bucco-Dentaire - Centre Dentaire Multisp\u00e9cialis\u00e9 de Tanger","og_description":"&nbsp; &nbsp; &nbsp; Bient\u00f4t en ligne &#8230;","og_url":"https:\/\/dentistetanger.com\/es\/vous\/hygiene-bucco-dentaire\/","og_site_name":"Centre Dentaire Multisp\u00e9cialis\u00e9 de Tanger","article_modified_time":"2018-07-02T08:11:37+00:00","twitter_card":"summary_large_image","schema":{"@context":"https:\/\/schema.org","@graph":[{"@type":"WebPage","@id":"https:\/\/dentistetanger.com\/es\/vous\/hygiene-bucco-dentaire\/","url":"https:\/\/dentistetanger.com\/es\/vous\/hygiene-bucco-dentaire\/","name":"Hygi\u00e8ne Bucco-Dentaire - Centre Dentaire Multisp\u00e9cialis\u00e9 de Tanger","isPartOf":{"@id":"https:\/\/dentistetanger.com\/#website"},"datePublished":"2013-12-11T17:37:58+00:00","dateModified":"2018-07-02T08:11:37+00:00","breadcrumb":{"@id":"https:\/\/dentistetanger.com\/es\/vous\/hygiene-bucco-dentaire\/#breadcrumb"},"inLanguage":"es","potentialAction":[{"@type":"ReadAction","target":["https:\/\/dentistetanger.com\/es\/vous\/hygiene-bucco-dentaire\/"]}]},{"@type":"BreadcrumbList","@id":"https:\/\/dentistetanger.com\/es\/vous\/hygiene-bucco-dentaire\/#breadcrumb","itemListElement":[{"@type":"ListItem","position":1,"name":"Accueil","item":"https:\/\/dentistetanger.com\/es\/"},{"@type":"ListItem","position":2,"name":"Vous","item":"https:\/\/dentistetanger.com\/es\/vous\/"},{"@type":"ListItem","position":3,"name":"Hygi\u00e8ne Bucco-Dentaire"}]},{"@type":"WebSite","@id":"https:\/\/dentistetanger.com\/#website","url":"https:\/\/dentistetanger.com\/","name":"Centre Dentaire Multisp\u00e9cialis\u00e9 de Tanger","description":"La dentisterie du 21\u00e8me si\u00e8cle","publisher":{"@id":"https:\/\/dentistetanger.com\/#organization"},"potentialAction":[{"@type":"SearchAction","target":{"@type":"EntryPoint","urlTemplate":"https:\/\/dentistetanger.com\/?s={search_term_string}"},"query-input":{"@type":"PropertyValueSpecification","valueRequired":true,"valueName":"search_term_string"}}],"inLanguage":"es"},{"@type":"Organization","@id":"https:\/\/dentistetanger.com\/#organization","name":"Centre Dentaire Multisp\u00e9cialis\u00e9 de Tanger","url":"https:\/\/dentistetanger.com\/","logo":{"@type":"ImageObject","inLanguage":"es","@id":"https:\/\/dentistetanger.com\/#\/schema\/logo\/image\/","url":"https:\/\/dentistetanger.com\/wp-content\/uploads\/2017\/10\/cropped-logo-1.jpg","contentUrl":"https:\/\/dentistetanger.com\/wp-content\/uploads\/2017\/10\/cropped-logo-1.jpg","width":106,"height":158,"caption":"Centre Dentaire Multisp\u00e9cialis\u00e9 de Tanger"},"image":{"@id":"https:\/\/dentistetanger.com\/#\/schema\/logo\/image\/"}}]}},"_links":{"self":[{"href":"https:\/\/dentistetanger.com\/es\/wp-json\/wp\/v2\/pages\/288","targetHints":{"allow":["GET"]}}],"collection":[{"href":"https:\/\/dentistetanger.com\/es\/wp-json\/wp\/v2\/pages"}],"about":[{"href":"https:\/\/dentistetanger.com\/es\/wp-json\/wp\/v2\/types\/page"}],"author":[{"embeddable":true,"href":"https:\/\/dentistetanger.com\/es\/wp-json\/wp\/v2\/users\/12"}],"replies":[{"embeddable":true,"href":"https:\/\/dentistetanger.com\/es\/wp-json\/wp\/v2\/comments?post=288"}],"version-history":[{"count":0,"href":"https:\/\/dentistetanger.com\/es\/wp-json\/wp\/v2\/pages\/288\/revisions"}],"up":[{"embeddable":true,"href":"https:\/\/dentistetanger.com\/es\/wp-json\/wp\/v2\/pages\/286"}],"wp:attachment":[{"href":"https:\/\/dentistetanger.com\/es\/wp-json\/wp\/v2\/media?parent=288"}],"curies":[{"name":"wp","href":"https:\/\/api.w.org\/{rel}","templated":true}]}}