{"id":280,"date":"2012-11-27T13:00:29","date_gmt":"2012-11-27T12:00:29","guid":{"rendered":"https:\/\/dentistetanger.com\/?page_id=280"},"modified":"2018-08-13T12:13:34","modified_gmt":"2018-08-13T11:13:34","slug":"le-centre","status":"publish","type":"page","link":"https:\/\/dentistetanger.com\/es\/le-centre\/","title":{"rendered":"EL CENTRO"},"content":{"rendered":"<p>Nuestra cl\u00ednica es un espacio de bienestar para sus dientes. Olvide el estr\u00e9s, el olor (tan espec\u00edfico y nauseabundo) y el aspecto de una cl\u00ednica dental cl\u00e1sica, aqu\u00ed sentir\u00e1 que est\u00e1 en un lugar agradable y acogedor, con un trato personalizado y VIP.<\/p>\n<p>Altas competencias, profesionalismo y buena fe son la norma.<\/p>\n<p>Los equipos, los materiales y las materias utilizados para ofrecerle el mejor cuidado dental son de fabricaci\u00f3n americana, las normas de higiene y de esterilizaci\u00f3n as\u00ed como todas nuestras especialidades tienen triple certificaci\u00f3n de Calidad, Salud\/Seguridad y Medio ambiente (algo \u00fanico en el mundo).<\/p>\n<h2 style=\"text-align: center;\">NUESTRAS VENTAJAS Y PLUSES<\/h2>\n<ul>\n<li>Profesional multiespecialista, formado en la prestigiosa New York University, acompa\u00f1ado a lo largo de su extensa carrera por los mejores profesores del mundo.<\/li>\n<li>\u00danica cl\u00ednica m\u00e9dica y\/o dental en el mundo que tiene la triple certificaci\u00f3n Calidad, Salud\/Seguridad, Medio ambiente.<\/li>\n<\/ul>\n<p><img loading=\"lazy\" decoding=\"async\" class=\"alignnone size-full wp-image-924\" src=\"https:\/\/dentistetanger.com\/wp-content\/uploads\/2012\/11\/ISO-9001_ES.png\" alt=\"\" width=\"181\" height=\"181\" srcset=\"https:\/\/dentistetanger.com\/wp-content\/uploads\/2012\/11\/ISO-9001_ES.png 181w, https:\/\/dentistetanger.com\/wp-content\/uploads\/2012\/11\/ISO-9001_ES-150x150.png 150w\" sizes=\"auto, (max-width: 181px) 100vw, 181px\" \/><img loading=\"lazy\" decoding=\"async\" class=\"alignnone size-full wp-image-925\" src=\"https:\/\/dentistetanger.com\/wp-content\/uploads\/2012\/11\/ISO-14001_ES.png\" alt=\"\" width=\"181\" height=\"181\" srcset=\"https:\/\/dentistetanger.com\/wp-content\/uploads\/2012\/11\/ISO-14001_ES.png 181w, https:\/\/dentistetanger.com\/wp-content\/uploads\/2012\/11\/ISO-14001_ES-150x150.png 150w\" sizes=\"auto, (max-width: 181px) 100vw, 181px\" \/><img loading=\"lazy\" decoding=\"async\" class=\"alignnone size-full wp-image-926\" src=\"https:\/\/dentistetanger.com\/wp-content\/uploads\/2012\/11\/OHSAS-18001_ES.png\" alt=\"\" width=\"181\" height=\"181\" srcset=\"https:\/\/dentistetanger.com\/wp-content\/uploads\/2012\/11\/OHSAS-18001_ES.png 181w, https:\/\/dentistetanger.com\/wp-content\/uploads\/2012\/11\/OHSAS-18001_ES-150x150.png 150w\" sizes=\"auto, (max-width: 181px) 100vw, 181px\" \/><\/p>\n<p>&nbsp;<\/p>\n<ul>\n<li>Tambi\u00e9n tenemos la suerte de contar con la colaboraci\u00f3n de profesores de renombre mundial, los casos que se consideran complicados autom\u00e1ticamente se remiten para su discusi\u00f3n y gesti\u00f3n de forma conjunta con los diferentes departamentos de la universidad de Nueva York.<\/li>\n<li>Todos los tratamientos est\u00e1n garantizados 10 a\u00f1os (no, no es un error tipogr\u00e1fico, de verdad son 10 a\u00f1os), prueba irrefutable de nuestra excelencia.<\/li>\n<li>En nuestra cl\u00ednica, solo el m\u00e9dico toca la boca de los pacientes, nunca los asistentes.<i class=\"fa fa-smile-o\"><\/i><\/li>\n<li>Practicamos una odontolog\u00eda basada en la evidencia cient\u00edfica, pensamos que la odontolog\u00eda creativa y experimental (muy de moda \u00faltimamente) solo deber\u00eda utilizarse con conejillos de indias, en laboratorios.<\/li>\n<li>Sin olvidar por supuesto:\n<ul>\n<li>Ponctualit\u00e9 des rendez-vous<\/li>\n<li>Lo \u00faltimo en t\u00e9cnicas y tecnolog\u00edas dentales (tratamientos con l\u00e1ser, anestesia electr\u00f3nica indolora, etc.)<\/li>\n<\/ul>\n<\/li>\n<\/ul>\n<h2 style=\"text-align: center;\">EL EQUIPO<\/h2>\n<p>Nuestro equipo ha obtenido certificados y ha participado en varias formaciones sobre \u00abesterilizaci\u00f3n y asepsia en cl\u00ednica dental\u00bb, y se ha sometido a un seguimiento profesional y riguroso para \u00abauxiliares de odontolog\u00eda\u00bb (requeridos por la triple certificaci\u00f3n Calidad, Salud\/Seguridad, Medio ambiente).<\/p>\n<ul style=\"list-style-type: circle;\">\n<li>Sakina: Recepcionista<\/li>\n<li>Wafae: Asistente de operaciones, gesti\u00f3n de stock<\/li>\n<li>Fadoua: Asistente de operaciones, gesti\u00f3n de stock<\/li>\n<li>Aicha: Limpieza y mantenimiento del centro<\/li>\n<li>Salaheddine: Esterilizaci\u00f3n, mantenimiento<\/li>\n<\/ul>\n","protected":false},"excerpt":{"rendered":"<p>Nuestra cl\u00ednica es un espacio de bienestar para sus dientes. Olvide el estr\u00e9s, el olor (tan espec\u00edfico y nauseabundo) y el aspecto de una cl\u00ednica dental cl\u00e1sica, aqu\u00ed sentir\u00e1 que est\u00e1 en un lugar agradable y acogedor, con un trato personalizado y VIP. Altas competencias, profesionalismo y buena fe son la norma. Los equipos, los [&hellip;]<\/p>\n","protected":false},"author":12,"featured_media":0,"parent":0,"menu_order":0,"comment_status":"closed","ping_status":"closed","template":"template-slider.php","meta":{"_acf_changed":false,"footnotes":""},"class_list":["post-280","page","type-page","status-publish","hentry"],"acf":[],"yoast_head":"<!-- This site is optimized with the Yoast SEO plugin v25.2 - https:\/\/yoast.com\/wordpress\/plugins\/seo\/ -->\n<title>EL CENTRO - Centre Dentaire Multisp\u00e9cialis\u00e9 de Tanger<\/title>\n<meta name=\"robots\" content=\"index, follow, max-snippet:-1, max-image-preview:large, max-video-preview:-1\" \/>\n<link rel=\"canonical\" href=\"https:\/\/dentistetanger.com\/es\/le-centre\/\" \/>\n<meta property=\"og:locale\" content=\"es_ES\" \/>\n<meta property=\"og:type\" content=\"article\" \/>\n<meta property=\"og:title\" content=\"EL CENTRO - Centre Dentaire Multisp\u00e9cialis\u00e9 de Tanger\" \/>\n<meta property=\"og:description\" content=\"Nuestra cl\u00ednica es un espacio de bienestar para sus dientes. Olvide el estr\u00e9s, el olor (tan espec\u00edfico y nauseabundo) y el aspecto de una cl\u00ednica dental cl\u00e1sica, aqu\u00ed sentir\u00e1 que est\u00e1 en un lugar agradable y acogedor, con un trato personalizado y VIP. Altas competencias, profesionalismo y buena fe son la norma. Los equipos, los [&hellip;]\" \/>\n<meta property=\"og:url\" content=\"https:\/\/dentistetanger.com\/es\/le-centre\/\" \/>\n<meta property=\"og:site_name\" content=\"Centre Dentaire Multisp\u00e9cialis\u00e9 de Tanger\" \/>\n<meta property=\"article:modified_time\" content=\"2018-08-13T11:13:34+00:00\" \/>\n<meta property=\"og:image\" content=\"https:\/\/dentistetanger.com\/wp-content\/uploads\/2012\/11\/ISO-9001_ES.png\" \/>\n<meta name=\"twitter:card\" content=\"summary_large_image\" \/>\n<meta name=\"twitter:label1\" content=\"Tiempo de lectura\" \/>\n\t<meta name=\"twitter:data1\" content=\"2 minutos\" \/>\n<script type=\"application\/ld+json\" class=\"yoast-schema-graph\">{\"@context\":\"https:\/\/schema.org\",\"@graph\":[{\"@type\":\"WebPage\",\"@id\":\"https:\/\/dentistetanger.com\/es\/le-centre\/\",\"url\":\"https:\/\/dentistetanger.com\/es\/le-centre\/\",\"name\":\"EL CENTRO - Centre Dentaire Multisp\u00e9cialis\u00e9 de Tanger\",\"isPartOf\":{\"@id\":\"https:\/\/dentistetanger.com\/#website\"},\"primaryImageOfPage\":{\"@id\":\"https:\/\/dentistetanger.com\/es\/le-centre\/#primaryimage\"},\"image\":{\"@id\":\"https:\/\/dentistetanger.com\/es\/le-centre\/#primaryimage\"},\"thumbnailUrl\":\"https:\/\/dentistetanger.com\/wp-content\/uploads\/2012\/11\/ISO-9001_ES.png\",\"datePublished\":\"2012-11-27T12:00:29+00:00\",\"dateModified\":\"2018-08-13T11:13:34+00:00\",\"breadcrumb\":{\"@id\":\"https:\/\/dentistetanger.com\/es\/le-centre\/#breadcrumb\"},\"inLanguage\":\"es\",\"potentialAction\":[{\"@type\":\"ReadAction\",\"target\":[\"https:\/\/dentistetanger.com\/es\/le-centre\/\"]}]},{\"@type\":\"ImageObject\",\"inLanguage\":\"es\",\"@id\":\"https:\/\/dentistetanger.com\/es\/le-centre\/#primaryimage\",\"url\":\"https:\/\/dentistetanger.com\/wp-content\/uploads\/2012\/11\/ISO-9001_ES.png\",\"contentUrl\":\"https:\/\/dentistetanger.com\/wp-content\/uploads\/2012\/11\/ISO-9001_ES.png\"},{\"@type\":\"BreadcrumbList\",\"@id\":\"https:\/\/dentistetanger.com\/es\/le-centre\/#breadcrumb\",\"itemListElement\":[{\"@type\":\"ListItem\",\"position\":1,\"name\":\"Accueil\",\"item\":\"https:\/\/dentistetanger.com\/es\/\"},{\"@type\":\"ListItem\",\"position\":2,\"name\":\"EL CENTRO\"}]},{\"@type\":\"WebSite\",\"@id\":\"https:\/\/dentistetanger.com\/#website\",\"url\":\"https:\/\/dentistetanger.com\/\",\"name\":\"Centre Dentaire Multisp\u00e9cialis\u00e9 de Tanger\",\"description\":\"La dentisterie du 21\u00e8me si\u00e8cle\",\"publisher\":{\"@id\":\"https:\/\/dentistetanger.com\/#organization\"},\"potentialAction\":[{\"@type\":\"SearchAction\",\"target\":{\"@type\":\"EntryPoint\",\"urlTemplate\":\"https:\/\/dentistetanger.com\/?s={search_term_string}\"},\"query-input\":{\"@type\":\"PropertyValueSpecification\",\"valueRequired\":true,\"valueName\":\"search_term_string\"}}],\"inLanguage\":\"es\"},{\"@type\":\"Organization\",\"@id\":\"https:\/\/dentistetanger.com\/#organization\",\"name\":\"Centre Dentaire Multisp\u00e9cialis\u00e9 de Tanger\",\"url\":\"https:\/\/dentistetanger.com\/\",\"logo\":{\"@type\":\"ImageObject\",\"inLanguage\":\"es\",\"@id\":\"https:\/\/dentistetanger.com\/#\/schema\/logo\/image\/\",\"url\":\"https:\/\/dentistetanger.com\/wp-content\/uploads\/2017\/10\/cropped-logo-1.jpg\",\"contentUrl\":\"https:\/\/dentistetanger.com\/wp-content\/uploads\/2017\/10\/cropped-logo-1.jpg\",\"width\":106,\"height\":158,\"caption\":\"Centre Dentaire Multisp\u00e9cialis\u00e9 de Tanger\"},\"image\":{\"@id\":\"https:\/\/dentistetanger.com\/#\/schema\/logo\/image\/\"}}]}<\/script>\n<!-- \/ Yoast SEO plugin. -->","yoast_head_json":{"title":"EL CENTRO - Centre Dentaire Multisp\u00e9cialis\u00e9 de Tanger","robots":{"index":"index","follow":"follow","max-snippet":"max-snippet:-1","max-image-preview":"max-image-preview:large","max-video-preview":"max-video-preview:-1"},"canonical":"https:\/\/dentistetanger.com\/es\/le-centre\/","og_locale":"es_ES","og_type":"article","og_title":"EL CENTRO - Centre Dentaire Multisp\u00e9cialis\u00e9 de Tanger","og_description":"Nuestra cl\u00ednica es un espacio de bienestar para sus dientes. Olvide el estr\u00e9s, el olor (tan espec\u00edfico y nauseabundo) y el aspecto de una cl\u00ednica dental cl\u00e1sica, aqu\u00ed sentir\u00e1 que est\u00e1 en un lugar agradable y acogedor, con un trato personalizado y VIP. Altas competencias, profesionalismo y buena fe son la norma. Los equipos, los [&hellip;]","og_url":"https:\/\/dentistetanger.com\/es\/le-centre\/","og_site_name":"Centre Dentaire Multisp\u00e9cialis\u00e9 de Tanger","article_modified_time":"2018-08-13T11:13:34+00:00","og_image":[{"url":"https:\/\/dentistetanger.com\/wp-content\/uploads\/2012\/11\/ISO-9001_ES.png","type":"","width":"","height":""}],"twitter_card":"summary_large_image","twitter_misc":{"Tiempo de lectura":"2 minutos"},"schema":{"@context":"https:\/\/schema.org","@graph":[{"@type":"WebPage","@id":"https:\/\/dentistetanger.com\/es\/le-centre\/","url":"https:\/\/dentistetanger.com\/es\/le-centre\/","name":"EL CENTRO - Centre Dentaire Multisp\u00e9cialis\u00e9 de Tanger","isPartOf":{"@id":"https:\/\/dentistetanger.com\/#website"},"primaryImageOfPage":{"@id":"https:\/\/dentistetanger.com\/es\/le-centre\/#primaryimage"},"image":{"@id":"https:\/\/dentistetanger.com\/es\/le-centre\/#primaryimage"},"thumbnailUrl":"https:\/\/dentistetanger.com\/wp-content\/uploads\/2012\/11\/ISO-9001_ES.png","datePublished":"2012-11-27T12:00:29+00:00","dateModified":"2018-08-13T11:13:34+00:00","breadcrumb":{"@id":"https:\/\/dentistetanger.com\/es\/le-centre\/#breadcrumb"},"inLanguage":"es","potentialAction":[{"@type":"ReadAction","target":["https:\/\/dentistetanger.com\/es\/le-centre\/"]}]},{"@type":"ImageObject","inLanguage":"es","@id":"https:\/\/dentistetanger.com\/es\/le-centre\/#primaryimage","url":"https:\/\/dentistetanger.com\/wp-content\/uploads\/2012\/11\/ISO-9001_ES.png","contentUrl":"https:\/\/dentistetanger.com\/wp-content\/uploads\/2012\/11\/ISO-9001_ES.png"},{"@type":"BreadcrumbList","@id":"https:\/\/dentistetanger.com\/es\/le-centre\/#breadcrumb","itemListElement":[{"@type":"ListItem","position":1,"name":"Accueil","item":"https:\/\/dentistetanger.com\/es\/"},{"@type":"ListItem","position":2,"name":"EL CENTRO"}]},{"@type":"WebSite","@id":"https:\/\/dentistetanger.com\/#website","url":"https:\/\/dentistetanger.com\/","name":"Centre Dentaire Multisp\u00e9cialis\u00e9 de Tanger","description":"La dentisterie du 21\u00e8me si\u00e8cle","publisher":{"@id":"https:\/\/dentistetanger.com\/#organization"},"potentialAction":[{"@type":"SearchAction","target":{"@type":"EntryPoint","urlTemplate":"https:\/\/dentistetanger.com\/?s={search_term_string}"},"query-input":{"@type":"PropertyValueSpecification","valueRequired":true,"valueName":"search_term_string"}}],"inLanguage":"es"},{"@type":"Organization","@id":"https:\/\/dentistetanger.com\/#organization","name":"Centre Dentaire Multisp\u00e9cialis\u00e9 de Tanger","url":"https:\/\/dentistetanger.com\/","logo":{"@type":"ImageObject","inLanguage":"es","@id":"https:\/\/dentistetanger.com\/#\/schema\/logo\/image\/","url":"https:\/\/dentistetanger.com\/wp-content\/uploads\/2017\/10\/cropped-logo-1.jpg","contentUrl":"https:\/\/dentistetanger.com\/wp-content\/uploads\/2017\/10\/cropped-logo-1.jpg","width":106,"height":158,"caption":"Centre Dentaire Multisp\u00e9cialis\u00e9 de Tanger"},"image":{"@id":"https:\/\/dentistetanger.com\/#\/schema\/logo\/image\/"}}]}},"_links":{"self":[{"href":"https:\/\/dentistetanger.com\/es\/wp-json\/wp\/v2\/pages\/280","targetHints":{"allow":["GET"]}}],"collection":[{"href":"https:\/\/dentistetanger.com\/es\/wp-json\/wp\/v2\/pages"}],"about":[{"href":"https:\/\/dentistetanger.com\/es\/wp-json\/wp\/v2\/types\/page"}],"author":[{"embeddable":true,"href":"https:\/\/dentistetanger.com\/es\/wp-json\/wp\/v2\/users\/12"}],"replies":[{"embeddable":true,"href":"https:\/\/dentistetanger.com\/es\/wp-json\/wp\/v2\/comments?post=280"}],"version-history":[{"count":0,"href":"https:\/\/dentistetanger.com\/es\/wp-json\/wp\/v2\/pages\/280\/revisions"}],"wp:attachment":[{"href":"https:\/\/dentistetanger.com\/es\/wp-json\/wp\/v2\/media?parent=280"}],"curies":[{"name":"wp","href":"https:\/\/api.w.org\/{rel}","templated":true}]}}