{"id":278,"date":"2012-11-29T17:47:22","date_gmt":"2012-11-29T16:47:22","guid":{"rendered":"https:\/\/dentistetanger.com\/?page_id=278"},"modified":"2018-01-11T17:17:21","modified_gmt":"2018-01-11T16:17:21","slug":"dr-achraf","status":"publish","type":"page","link":"https:\/\/dentistetanger.com\/es\/dr-achraf\/","title":{"rendered":"Dr. Achraf"},"content":{"rendered":"<h3><strong> Autodescripci\u00f3n r\u00e1pida: <\/strong><\/h3>\n<p>Ambicioso, exigente conmigo mismo, tenaz, justo, perfeccionista, apasionado, agradecido, anticonformista, optimista, estoico y epic\u00fareo (aunque sea una paradoja).<\/p>\n<h3><strong>Las 3 cosas que m\u00e1s me gustan:<\/strong><\/h3>\n<ul>\n<li>\u00a0\u00a0\u00a0 Ofrecer una sonrisa (en sentido literal y figurado)<\/li>\n<li>\u00a0\u00a0\u00a0 La excelencia<\/li>\n<li>\u00a0\u00a0\u00a0 \u00a1El Bar\u00e7a y Messi!<\/li>\n<\/ul>\n<h3><strong> Las 3 cosas que detesto: <\/strong><\/h3>\n<ul>\n<li>\u00a0\u00a0\u00a0 La ingratitud<\/li>\n<li>\u00a0\u00a0\u00a0 La mediocridad<\/li>\n<li>\u00a0\u00a0\u00a0 \u00a1El Real Madrid!<\/li>\n<\/ul>\n<p>&nbsp;<\/p>\n<p><!-- [if gte mso 9]><xml>\n<o:OfficeDocumentSettings>\n<o:RelyOnVML\/>\n<o:AllowPNG\/>\n<\/o:OfficeDocumentSettings>\n<\/xml><![endif]--><\/p>\n","protected":false},"excerpt":{"rendered":"<p>Autodescripci\u00f3n r\u00e1pida: Ambicioso, exigente conmigo mismo, tenaz, justo, perfeccionista, apasionado, agradecido, anticonformista, optimista, estoico y epic\u00fareo (aunque sea una paradoja). Las 3 cosas que m\u00e1s me gustan: \u00a0\u00a0\u00a0 Ofrecer una sonrisa (en sentido literal y figurado) \u00a0\u00a0\u00a0 La excelencia \u00a0\u00a0\u00a0 \u00a1El Bar\u00e7a y Messi! Las 3 cosas que detesto: \u00a0\u00a0\u00a0 La ingratitud \u00a0\u00a0\u00a0 La mediocridad [&hellip;]<\/p>\n","protected":false},"author":12,"featured_media":209,"parent":0,"menu_order":0,"comment_status":"closed","ping_status":"open","template":"template-doctor.php","meta":{"_acf_changed":false,"footnotes":""},"class_list":["post-278","page","type-page","status-publish","has-post-thumbnail","hentry"],"acf":[],"yoast_head":"<!-- This site is optimized with the Yoast SEO plugin v25.2 - https:\/\/yoast.com\/wordpress\/plugins\/seo\/ -->\n<title>Dr. Achraf - Centre Dentaire Multisp\u00e9cialis\u00e9 de Tanger<\/title>\n<meta name=\"robots\" content=\"index, follow, max-snippet:-1, max-image-preview:large, max-video-preview:-1\" \/>\n<link rel=\"canonical\" href=\"https:\/\/dentistetanger.com\/es\/dr-achraf\/\" \/>\n<meta property=\"og:locale\" content=\"es_ES\" \/>\n<meta property=\"og:type\" content=\"article\" \/>\n<meta property=\"og:title\" content=\"Dr. Achraf - Centre Dentaire Multisp\u00e9cialis\u00e9 de Tanger\" \/>\n<meta property=\"og:description\" content=\"Autodescripci\u00f3n r\u00e1pida: Ambicioso, exigente conmigo mismo, tenaz, justo, perfeccionista, apasionado, agradecido, anticonformista, optimista, estoico y epic\u00fareo (aunque sea una paradoja). Las 3 cosas que m\u00e1s me gustan: \u00a0\u00a0\u00a0 Ofrecer una sonrisa (en sentido literal y figurado) \u00a0\u00a0\u00a0 La excelencia \u00a0\u00a0\u00a0 \u00a1El Bar\u00e7a y Messi! Las 3 cosas que detesto: \u00a0\u00a0\u00a0 La ingratitud \u00a0\u00a0\u00a0 La mediocridad [&hellip;]\" \/>\n<meta property=\"og:url\" content=\"https:\/\/dentistetanger.com\/es\/dr-achraf\/\" \/>\n<meta property=\"og:site_name\" content=\"Centre Dentaire Multisp\u00e9cialis\u00e9 de Tanger\" \/>\n<meta property=\"article:modified_time\" content=\"2018-01-11T16:17:21+00:00\" \/>\n<meta property=\"og:image\" content=\"https:\/\/dentistetanger.com\/wp-content\/uploads\/2012\/11\/Dr-Achraf-Khadiri.jpg\" \/>\n\t<meta property=\"og:image:width\" content=\"850\" \/>\n\t<meta property=\"og:image:height\" content=\"850\" \/>\n\t<meta property=\"og:image:type\" content=\"image\/jpeg\" \/>\n<meta name=\"twitter:card\" content=\"summary_large_image\" \/>\n<script type=\"application\/ld+json\" class=\"yoast-schema-graph\">{\"@context\":\"https:\/\/schema.org\",\"@graph\":[{\"@type\":\"WebPage\",\"@id\":\"https:\/\/dentistetanger.com\/es\/dr-achraf\/\",\"url\":\"https:\/\/dentistetanger.com\/es\/dr-achraf\/\",\"name\":\"Dr. Achraf - Centre Dentaire Multisp\u00e9cialis\u00e9 de Tanger\",\"isPartOf\":{\"@id\":\"https:\/\/dentistetanger.com\/#website\"},\"primaryImageOfPage\":{\"@id\":\"https:\/\/dentistetanger.com\/es\/dr-achraf\/#primaryimage\"},\"image\":{\"@id\":\"https:\/\/dentistetanger.com\/es\/dr-achraf\/#primaryimage\"},\"thumbnailUrl\":\"https:\/\/dentistetanger.com\/wp-content\/uploads\/2012\/11\/Dr-Achraf-Khadiri.jpg\",\"datePublished\":\"2012-11-29T16:47:22+00:00\",\"dateModified\":\"2018-01-11T16:17:21+00:00\",\"breadcrumb\":{\"@id\":\"https:\/\/dentistetanger.com\/es\/dr-achraf\/#breadcrumb\"},\"inLanguage\":\"es\",\"potentialAction\":[{\"@type\":\"ReadAction\",\"target\":[\"https:\/\/dentistetanger.com\/es\/dr-achraf\/\"]}]},{\"@type\":\"ImageObject\",\"inLanguage\":\"es\",\"@id\":\"https:\/\/dentistetanger.com\/es\/dr-achraf\/#primaryimage\",\"url\":\"https:\/\/dentistetanger.com\/wp-content\/uploads\/2012\/11\/Dr-Achraf-Khadiri.jpg\",\"contentUrl\":\"https:\/\/dentistetanger.com\/wp-content\/uploads\/2012\/11\/Dr-Achraf-Khadiri.jpg\",\"width\":850,\"height\":850},{\"@type\":\"BreadcrumbList\",\"@id\":\"https:\/\/dentistetanger.com\/es\/dr-achraf\/#breadcrumb\",\"itemListElement\":[{\"@type\":\"ListItem\",\"position\":1,\"name\":\"Accueil\",\"item\":\"https:\/\/dentistetanger.com\/es\/\"},{\"@type\":\"ListItem\",\"position\":2,\"name\":\"Dr. Achraf\"}]},{\"@type\":\"WebSite\",\"@id\":\"https:\/\/dentistetanger.com\/#website\",\"url\":\"https:\/\/dentistetanger.com\/\",\"name\":\"Centre Dentaire Multisp\u00e9cialis\u00e9 de Tanger\",\"description\":\"La dentisterie du 21\u00e8me si\u00e8cle\",\"publisher\":{\"@id\":\"https:\/\/dentistetanger.com\/#organization\"},\"potentialAction\":[{\"@type\":\"SearchAction\",\"target\":{\"@type\":\"EntryPoint\",\"urlTemplate\":\"https:\/\/dentistetanger.com\/?s={search_term_string}\"},\"query-input\":{\"@type\":\"PropertyValueSpecification\",\"valueRequired\":true,\"valueName\":\"search_term_string\"}}],\"inLanguage\":\"es\"},{\"@type\":\"Organization\",\"@id\":\"https:\/\/dentistetanger.com\/#organization\",\"name\":\"Centre Dentaire Multisp\u00e9cialis\u00e9 de Tanger\",\"url\":\"https:\/\/dentistetanger.com\/\",\"logo\":{\"@type\":\"ImageObject\",\"inLanguage\":\"es\",\"@id\":\"https:\/\/dentistetanger.com\/#\/schema\/logo\/image\/\",\"url\":\"https:\/\/dentistetanger.com\/wp-content\/uploads\/2017\/10\/cropped-logo-1.jpg\",\"contentUrl\":\"https:\/\/dentistetanger.com\/wp-content\/uploads\/2017\/10\/cropped-logo-1.jpg\",\"width\":106,\"height\":158,\"caption\":\"Centre Dentaire Multisp\u00e9cialis\u00e9 de Tanger\"},\"image\":{\"@id\":\"https:\/\/dentistetanger.com\/#\/schema\/logo\/image\/\"}}]}<\/script>\n<!-- \/ Yoast SEO plugin. -->","yoast_head_json":{"title":"Dr. Achraf - Centre Dentaire Multisp\u00e9cialis\u00e9 de Tanger","robots":{"index":"index","follow":"follow","max-snippet":"max-snippet:-1","max-image-preview":"max-image-preview:large","max-video-preview":"max-video-preview:-1"},"canonical":"https:\/\/dentistetanger.com\/es\/dr-achraf\/","og_locale":"es_ES","og_type":"article","og_title":"Dr. Achraf - Centre Dentaire Multisp\u00e9cialis\u00e9 de Tanger","og_description":"Autodescripci\u00f3n r\u00e1pida: Ambicioso, exigente conmigo mismo, tenaz, justo, perfeccionista, apasionado, agradecido, anticonformista, optimista, estoico y epic\u00fareo (aunque sea una paradoja). Las 3 cosas que m\u00e1s me gustan: \u00a0\u00a0\u00a0 Ofrecer una sonrisa (en sentido literal y figurado) \u00a0\u00a0\u00a0 La excelencia \u00a0\u00a0\u00a0 \u00a1El Bar\u00e7a y Messi! Las 3 cosas que detesto: \u00a0\u00a0\u00a0 La ingratitud \u00a0\u00a0\u00a0 La mediocridad [&hellip;]","og_url":"https:\/\/dentistetanger.com\/es\/dr-achraf\/","og_site_name":"Centre Dentaire Multisp\u00e9cialis\u00e9 de Tanger","article_modified_time":"2018-01-11T16:17:21+00:00","og_image":[{"width":850,"height":850,"url":"https:\/\/dentistetanger.com\/wp-content\/uploads\/2012\/11\/Dr-Achraf-Khadiri.jpg","type":"image\/jpeg"}],"twitter_card":"summary_large_image","schema":{"@context":"https:\/\/schema.org","@graph":[{"@type":"WebPage","@id":"https:\/\/dentistetanger.com\/es\/dr-achraf\/","url":"https:\/\/dentistetanger.com\/es\/dr-achraf\/","name":"Dr. Achraf - Centre Dentaire Multisp\u00e9cialis\u00e9 de Tanger","isPartOf":{"@id":"https:\/\/dentistetanger.com\/#website"},"primaryImageOfPage":{"@id":"https:\/\/dentistetanger.com\/es\/dr-achraf\/#primaryimage"},"image":{"@id":"https:\/\/dentistetanger.com\/es\/dr-achraf\/#primaryimage"},"thumbnailUrl":"https:\/\/dentistetanger.com\/wp-content\/uploads\/2012\/11\/Dr-Achraf-Khadiri.jpg","datePublished":"2012-11-29T16:47:22+00:00","dateModified":"2018-01-11T16:17:21+00:00","breadcrumb":{"@id":"https:\/\/dentistetanger.com\/es\/dr-achraf\/#breadcrumb"},"inLanguage":"es","potentialAction":[{"@type":"ReadAction","target":["https:\/\/dentistetanger.com\/es\/dr-achraf\/"]}]},{"@type":"ImageObject","inLanguage":"es","@id":"https:\/\/dentistetanger.com\/es\/dr-achraf\/#primaryimage","url":"https:\/\/dentistetanger.com\/wp-content\/uploads\/2012\/11\/Dr-Achraf-Khadiri.jpg","contentUrl":"https:\/\/dentistetanger.com\/wp-content\/uploads\/2012\/11\/Dr-Achraf-Khadiri.jpg","width":850,"height":850},{"@type":"BreadcrumbList","@id":"https:\/\/dentistetanger.com\/es\/dr-achraf\/#breadcrumb","itemListElement":[{"@type":"ListItem","position":1,"name":"Accueil","item":"https:\/\/dentistetanger.com\/es\/"},{"@type":"ListItem","position":2,"name":"Dr. Achraf"}]},{"@type":"WebSite","@id":"https:\/\/dentistetanger.com\/#website","url":"https:\/\/dentistetanger.com\/","name":"Centre Dentaire Multisp\u00e9cialis\u00e9 de Tanger","description":"La dentisterie du 21\u00e8me si\u00e8cle","publisher":{"@id":"https:\/\/dentistetanger.com\/#organization"},"potentialAction":[{"@type":"SearchAction","target":{"@type":"EntryPoint","urlTemplate":"https:\/\/dentistetanger.com\/?s={search_term_string}"},"query-input":{"@type":"PropertyValueSpecification","valueRequired":true,"valueName":"search_term_string"}}],"inLanguage":"es"},{"@type":"Organization","@id":"https:\/\/dentistetanger.com\/#organization","name":"Centre Dentaire Multisp\u00e9cialis\u00e9 de Tanger","url":"https:\/\/dentistetanger.com\/","logo":{"@type":"ImageObject","inLanguage":"es","@id":"https:\/\/dentistetanger.com\/#\/schema\/logo\/image\/","url":"https:\/\/dentistetanger.com\/wp-content\/uploads\/2017\/10\/cropped-logo-1.jpg","contentUrl":"https:\/\/dentistetanger.com\/wp-content\/uploads\/2017\/10\/cropped-logo-1.jpg","width":106,"height":158,"caption":"Centre Dentaire Multisp\u00e9cialis\u00e9 de Tanger"},"image":{"@id":"https:\/\/dentistetanger.com\/#\/schema\/logo\/image\/"}}]}},"_links":{"self":[{"href":"https:\/\/dentistetanger.com\/es\/wp-json\/wp\/v2\/pages\/278","targetHints":{"allow":["GET"]}}],"collection":[{"href":"https:\/\/dentistetanger.com\/es\/wp-json\/wp\/v2\/pages"}],"about":[{"href":"https:\/\/dentistetanger.com\/es\/wp-json\/wp\/v2\/types\/page"}],"author":[{"embeddable":true,"href":"https:\/\/dentistetanger.com\/es\/wp-json\/wp\/v2\/users\/12"}],"replies":[{"embeddable":true,"href":"https:\/\/dentistetanger.com\/es\/wp-json\/wp\/v2\/comments?post=278"}],"version-history":[{"count":0,"href":"https:\/\/dentistetanger.com\/es\/wp-json\/wp\/v2\/pages\/278\/revisions"}],"wp:featuredmedia":[{"embeddable":true,"href":"https:\/\/dentistetanger.com\/es\/wp-json\/wp\/v2\/media\/209"}],"wp:attachment":[{"href":"https:\/\/dentistetanger.com\/es\/wp-json\/wp\/v2\/media?parent=278"}],"curies":[{"name":"wp","href":"https:\/\/api.w.org\/{rel}","templated":true}]}}