{"id":276,"date":"2012-11-27T13:00:14","date_gmt":"2012-11-27T12:00:14","guid":{"rendered":"https:\/\/dentistetanger.com\/?page_id=276"},"modified":"2018-07-02T09:11:36","modified_gmt":"2018-07-02T08:11:36","slug":"nous","status":"publish","type":"page","link":"https:\/\/dentistetanger.com\/es\/nous\/","title":{"rendered":"Nous"},"content":{"rendered":"<p>Le site du Centre Dentaire Multisp\u00e9cialis\u00e9 de Tanger n\u2019est pas un site \u00e0 vis\u00e9e publicitaire destin\u00e9 \u00e0 recruter de nouveaux patients. Nous voudrions que ce soit une plateforme d\u2019information et d\u2019interaction entre vous, nos chers patients et nous. Par cons\u00e9quent, si vous souhaitez voir d\u00e9filer des photos de sourires de stars (retouch\u00e9es sur Photoshop), faites appel \u00e0 Mr Google.<\/p>\n<p>Ayez confiance en nous, confiez nous votre bouche en toute s\u00e9r\u00e9nit\u00e9, nous nous efforcerons de vous offrir une sant\u00e9 et une esth\u00e9tique dentaires in\u00e9galables (parole d\u2019honneur).<\/p>\n","protected":false},"excerpt":{"rendered":"<p>Le site du Centre Dentaire Multisp\u00e9cialis\u00e9 de Tanger n\u2019est pas un site \u00e0 vis\u00e9e publicitaire destin\u00e9 \u00e0 recruter de nouveaux patients. Nous voudrions que ce soit une plateforme d\u2019information et d\u2019interaction entre vous, nos chers patients et nous. Par cons\u00e9quent, si vous souhaitez voir d\u00e9filer des photos de sourires de stars (retouch\u00e9es sur Photoshop), faites [&hellip;]<\/p>\n","protected":false},"author":12,"featured_media":54,"parent":0,"menu_order":0,"comment_status":"closed","ping_status":"open","template":"","meta":{"_acf_changed":false,"footnotes":""},"class_list":["post-276","page","type-page","status-publish","has-post-thumbnail","hentry"],"acf":[],"yoast_head":"<!-- This site is optimized with the Yoast SEO plugin v25.2 - https:\/\/yoast.com\/wordpress\/plugins\/seo\/ -->\n<title>Nous - Centre Dentaire Multisp\u00e9cialis\u00e9 de Tanger<\/title>\n<meta name=\"robots\" content=\"index, follow, max-snippet:-1, max-image-preview:large, max-video-preview:-1\" \/>\n<link rel=\"canonical\" href=\"https:\/\/dentistetanger.com\/es\/nous\/\" \/>\n<meta property=\"og:locale\" content=\"es_ES\" \/>\n<meta property=\"og:type\" content=\"article\" \/>\n<meta property=\"og:title\" content=\"Nous - Centre Dentaire Multisp\u00e9cialis\u00e9 de Tanger\" \/>\n<meta property=\"og:description\" content=\"Le site du Centre Dentaire Multisp\u00e9cialis\u00e9 de Tanger n\u2019est pas un site \u00e0 vis\u00e9e publicitaire destin\u00e9 \u00e0 recruter de nouveaux patients. Nous voudrions que ce soit une plateforme d\u2019information et d\u2019interaction entre vous, nos chers patients et nous. Par cons\u00e9quent, si vous souhaitez voir d\u00e9filer des photos de sourires de stars (retouch\u00e9es sur Photoshop), faites [&hellip;]\" \/>\n<meta property=\"og:url\" content=\"https:\/\/dentistetanger.com\/es\/nous\/\" \/>\n<meta property=\"og:site_name\" content=\"Centre Dentaire Multisp\u00e9cialis\u00e9 de Tanger\" \/>\n<meta property=\"article:modified_time\" content=\"2018-07-02T08:11:36+00:00\" \/>\n<meta property=\"og:image\" content=\"https:\/\/dentistetanger.com\/wp-content\/uploads\/2012\/11\/nous.png\" \/>\n\t<meta property=\"og:image:width\" content=\"327\" \/>\n\t<meta property=\"og:image:height\" content=\"275\" \/>\n\t<meta property=\"og:image:type\" content=\"image\/png\" \/>\n<meta name=\"twitter:card\" content=\"summary_large_image\" \/>\n<script type=\"application\/ld+json\" class=\"yoast-schema-graph\">{\"@context\":\"https:\/\/schema.org\",\"@graph\":[{\"@type\":\"WebPage\",\"@id\":\"https:\/\/dentistetanger.com\/es\/nous\/\",\"url\":\"https:\/\/dentistetanger.com\/es\/nous\/\",\"name\":\"Nous - Centre Dentaire Multisp\u00e9cialis\u00e9 de Tanger\",\"isPartOf\":{\"@id\":\"https:\/\/dentistetanger.com\/#website\"},\"primaryImageOfPage\":{\"@id\":\"https:\/\/dentistetanger.com\/es\/nous\/#primaryimage\"},\"image\":{\"@id\":\"https:\/\/dentistetanger.com\/es\/nous\/#primaryimage\"},\"thumbnailUrl\":\"https:\/\/dentistetanger.com\/wp-content\/uploads\/2012\/11\/nous.png\",\"datePublished\":\"2012-11-27T12:00:14+00:00\",\"dateModified\":\"2018-07-02T08:11:36+00:00\",\"breadcrumb\":{\"@id\":\"https:\/\/dentistetanger.com\/es\/nous\/#breadcrumb\"},\"inLanguage\":\"es\",\"potentialAction\":[{\"@type\":\"ReadAction\",\"target\":[\"https:\/\/dentistetanger.com\/es\/nous\/\"]}]},{\"@type\":\"ImageObject\",\"inLanguage\":\"es\",\"@id\":\"https:\/\/dentistetanger.com\/es\/nous\/#primaryimage\",\"url\":\"https:\/\/dentistetanger.com\/wp-content\/uploads\/2012\/11\/nous.png\",\"contentUrl\":\"https:\/\/dentistetanger.com\/wp-content\/uploads\/2012\/11\/nous.png\",\"width\":327,\"height\":275},{\"@type\":\"BreadcrumbList\",\"@id\":\"https:\/\/dentistetanger.com\/es\/nous\/#breadcrumb\",\"itemListElement\":[{\"@type\":\"ListItem\",\"position\":1,\"name\":\"Accueil\",\"item\":\"https:\/\/dentistetanger.com\/es\/\"},{\"@type\":\"ListItem\",\"position\":2,\"name\":\"Nous\"}]},{\"@type\":\"WebSite\",\"@id\":\"https:\/\/dentistetanger.com\/#website\",\"url\":\"https:\/\/dentistetanger.com\/\",\"name\":\"Centre Dentaire Multisp\u00e9cialis\u00e9 de Tanger\",\"description\":\"La dentisterie du 21\u00e8me si\u00e8cle\",\"publisher\":{\"@id\":\"https:\/\/dentistetanger.com\/#organization\"},\"potentialAction\":[{\"@type\":\"SearchAction\",\"target\":{\"@type\":\"EntryPoint\",\"urlTemplate\":\"https:\/\/dentistetanger.com\/?s={search_term_string}\"},\"query-input\":{\"@type\":\"PropertyValueSpecification\",\"valueRequired\":true,\"valueName\":\"search_term_string\"}}],\"inLanguage\":\"es\"},{\"@type\":\"Organization\",\"@id\":\"https:\/\/dentistetanger.com\/#organization\",\"name\":\"Centre Dentaire Multisp\u00e9cialis\u00e9 de Tanger\",\"url\":\"https:\/\/dentistetanger.com\/\",\"logo\":{\"@type\":\"ImageObject\",\"inLanguage\":\"es\",\"@id\":\"https:\/\/dentistetanger.com\/#\/schema\/logo\/image\/\",\"url\":\"https:\/\/dentistetanger.com\/wp-content\/uploads\/2017\/10\/cropped-logo-1.jpg\",\"contentUrl\":\"https:\/\/dentistetanger.com\/wp-content\/uploads\/2017\/10\/cropped-logo-1.jpg\",\"width\":106,\"height\":158,\"caption\":\"Centre Dentaire Multisp\u00e9cialis\u00e9 de Tanger\"},\"image\":{\"@id\":\"https:\/\/dentistetanger.com\/#\/schema\/logo\/image\/\"}}]}<\/script>\n<!-- \/ Yoast SEO plugin. -->","yoast_head_json":{"title":"Nous - Centre Dentaire Multisp\u00e9cialis\u00e9 de Tanger","robots":{"index":"index","follow":"follow","max-snippet":"max-snippet:-1","max-image-preview":"max-image-preview:large","max-video-preview":"max-video-preview:-1"},"canonical":"https:\/\/dentistetanger.com\/es\/nous\/","og_locale":"es_ES","og_type":"article","og_title":"Nous - Centre Dentaire Multisp\u00e9cialis\u00e9 de Tanger","og_description":"Le site du Centre Dentaire Multisp\u00e9cialis\u00e9 de Tanger n\u2019est pas un site \u00e0 vis\u00e9e publicitaire destin\u00e9 \u00e0 recruter de nouveaux patients. Nous voudrions que ce soit une plateforme d\u2019information et d\u2019interaction entre vous, nos chers patients et nous. Par cons\u00e9quent, si vous souhaitez voir d\u00e9filer des photos de sourires de stars (retouch\u00e9es sur Photoshop), faites [&hellip;]","og_url":"https:\/\/dentistetanger.com\/es\/nous\/","og_site_name":"Centre Dentaire Multisp\u00e9cialis\u00e9 de Tanger","article_modified_time":"2018-07-02T08:11:36+00:00","og_image":[{"width":327,"height":275,"url":"https:\/\/dentistetanger.com\/wp-content\/uploads\/2012\/11\/nous.png","type":"image\/png"}],"twitter_card":"summary_large_image","schema":{"@context":"https:\/\/schema.org","@graph":[{"@type":"WebPage","@id":"https:\/\/dentistetanger.com\/es\/nous\/","url":"https:\/\/dentistetanger.com\/es\/nous\/","name":"Nous - Centre Dentaire Multisp\u00e9cialis\u00e9 de Tanger","isPartOf":{"@id":"https:\/\/dentistetanger.com\/#website"},"primaryImageOfPage":{"@id":"https:\/\/dentistetanger.com\/es\/nous\/#primaryimage"},"image":{"@id":"https:\/\/dentistetanger.com\/es\/nous\/#primaryimage"},"thumbnailUrl":"https:\/\/dentistetanger.com\/wp-content\/uploads\/2012\/11\/nous.png","datePublished":"2012-11-27T12:00:14+00:00","dateModified":"2018-07-02T08:11:36+00:00","breadcrumb":{"@id":"https:\/\/dentistetanger.com\/es\/nous\/#breadcrumb"},"inLanguage":"es","potentialAction":[{"@type":"ReadAction","target":["https:\/\/dentistetanger.com\/es\/nous\/"]}]},{"@type":"ImageObject","inLanguage":"es","@id":"https:\/\/dentistetanger.com\/es\/nous\/#primaryimage","url":"https:\/\/dentistetanger.com\/wp-content\/uploads\/2012\/11\/nous.png","contentUrl":"https:\/\/dentistetanger.com\/wp-content\/uploads\/2012\/11\/nous.png","width":327,"height":275},{"@type":"BreadcrumbList","@id":"https:\/\/dentistetanger.com\/es\/nous\/#breadcrumb","itemListElement":[{"@type":"ListItem","position":1,"name":"Accueil","item":"https:\/\/dentistetanger.com\/es\/"},{"@type":"ListItem","position":2,"name":"Nous"}]},{"@type":"WebSite","@id":"https:\/\/dentistetanger.com\/#website","url":"https:\/\/dentistetanger.com\/","name":"Centre Dentaire Multisp\u00e9cialis\u00e9 de Tanger","description":"La dentisterie du 21\u00e8me si\u00e8cle","publisher":{"@id":"https:\/\/dentistetanger.com\/#organization"},"potentialAction":[{"@type":"SearchAction","target":{"@type":"EntryPoint","urlTemplate":"https:\/\/dentistetanger.com\/?s={search_term_string}"},"query-input":{"@type":"PropertyValueSpecification","valueRequired":true,"valueName":"search_term_string"}}],"inLanguage":"es"},{"@type":"Organization","@id":"https:\/\/dentistetanger.com\/#organization","name":"Centre Dentaire Multisp\u00e9cialis\u00e9 de Tanger","url":"https:\/\/dentistetanger.com\/","logo":{"@type":"ImageObject","inLanguage":"es","@id":"https:\/\/dentistetanger.com\/#\/schema\/logo\/image\/","url":"https:\/\/dentistetanger.com\/wp-content\/uploads\/2017\/10\/cropped-logo-1.jpg","contentUrl":"https:\/\/dentistetanger.com\/wp-content\/uploads\/2017\/10\/cropped-logo-1.jpg","width":106,"height":158,"caption":"Centre Dentaire Multisp\u00e9cialis\u00e9 de Tanger"},"image":{"@id":"https:\/\/dentistetanger.com\/#\/schema\/logo\/image\/"}}]}},"_links":{"self":[{"href":"https:\/\/dentistetanger.com\/es\/wp-json\/wp\/v2\/pages\/276","targetHints":{"allow":["GET"]}}],"collection":[{"href":"https:\/\/dentistetanger.com\/es\/wp-json\/wp\/v2\/pages"}],"about":[{"href":"https:\/\/dentistetanger.com\/es\/wp-json\/wp\/v2\/types\/page"}],"author":[{"embeddable":true,"href":"https:\/\/dentistetanger.com\/es\/wp-json\/wp\/v2\/users\/12"}],"replies":[{"embeddable":true,"href":"https:\/\/dentistetanger.com\/es\/wp-json\/wp\/v2\/comments?post=276"}],"version-history":[{"count":0,"href":"https:\/\/dentistetanger.com\/es\/wp-json\/wp\/v2\/pages\/276\/revisions"}],"wp:featuredmedia":[{"embeddable":true,"href":"https:\/\/dentistetanger.com\/es\/wp-json\/wp\/v2\/media\/54"}],"wp:attachment":[{"href":"https:\/\/dentistetanger.com\/es\/wp-json\/wp\/v2\/media?parent=276"}],"curies":[{"name":"wp","href":"https:\/\/api.w.org\/{rel}","templated":true}]}}