{"id":274,"date":"2013-12-02T14:18:35","date_gmt":"2013-12-02T13:18:35","guid":{"rendered":"https:\/\/dentistetanger.com\/?page_id=274"},"modified":"2018-01-16T10:44:55","modified_gmt":"2018-01-16T09:44:55","slug":"cv","status":"publish","type":"page","link":"https:\/\/dentistetanger.com\/es\/cv\/","title":{"rendered":"CV del Dr. Achraf Khadiri"},"content":{"rendered":"<table border=\"0\">\n<tbody>\n<tr>\n<td style=\"width: 100px;\"><b>1995 <\/b><\/td>\n<td>Instituto Lyautey de Casablanca, Bachillerato en Ciencias, especialidad en matem\u00e1ticas, con menci\u00f3n<\/td>\n<\/tr>\n<tr>\n<td><b>2000 <\/b><\/td>\n<td>Doctorado en Cirug\u00eda dental en la Facultad de Medicina dental de Casablanca; tesis obtenida con felicitaci\u00f3n del jurado sobre \u00ablos tratamientos precoces en ortodoncia\u00bb<\/td>\n<\/tr>\n<tr>\n<td><b>2001 <\/b><\/td>\n<td>Universidad Par\u00eds 5 y 7: 1er a\u00f1o de especialidad en Ortodoncia<\/td>\n<\/tr>\n<tr>\n<td><b>2001-2004 <\/b><\/td>\n<td>Posgrado en la New York University de: Ortodoncia, Odontolog\u00eda Pedi\u00e1trica y Oclusodoncia<\/td>\n<\/tr>\n<tr>\n<td><b>2004<\/b><\/td>\n<td>Trabajo a tiempo parcial en la Cl\u00ednica dental del Dr. Yon Lai en Nueva York, el mayor Centro de ortodoncia de Nueva York.<\/td>\n<\/tr>\n<tr>\n<td><b>2005<\/b><\/td>\n<td>Formaci\u00f3n especializada en pr\u00f3tesis fija y pr\u00f3tesis sobre implante con el profesor Kurtz en Nueva York<\/td>\n<\/tr>\n<tr>\n<td><b>2006 <\/b><\/td>\n<td>Formaci\u00f3n especializada en tratamientos de las ra\u00edces dentales con el profesor Machtou<\/td>\n<\/tr>\n<tr>\n<td><b>2008-2010 <\/b><\/td>\n<td>Formaci\u00f3n especializada en \u00abnuevas t\u00e9cnicas de odontolog\u00eda reconstructiva y est\u00e9tica\u00bb en Nueva York<\/td>\n<\/tr>\n<tr>\n<td><b>2009-2010<\/b><\/td>\n<td>Diploma de especializaci\u00f3n en Est\u00e9tica dental por la Georgetown Medical\u00a0 School de Atlanta, EE UU.<br \/>\nPr\u00e1cticas de odontolog\u00eda en la prestigiosa Cl\u00ednica Dental \u00abGoldstein &amp; Garber &amp; Salama\u00bb en Atlanta (\u00fanico marroqu\u00ed, a fecha de hoy, que ha sido aceptado para hacer estas pr\u00e1cticas). Son conocidos con el nombre de \u00abteam Atlanta\u00bb y considerados como el mejor equipo dental privado del mundo, el Bar\u00e7a de la odontolog\u00eda ;-)<\/td>\n<\/tr>\n<tr>\n<td><b>2011-2012<\/b><\/td>\n<td>Diploma de Implantolog\u00eda Oral y de Cirug\u00eda Bucal con mi querido amigo y profesor Dr. Charles Belveze<\/td>\n<\/tr>\n<tr>\n<td><b>2012 <\/b><\/td>\n<td>Diploma de Periodoncia y de Implantolog\u00eda Est\u00e9tica con el Profesor Andr\u00e9 Paul Saadoun<\/td>\n<\/tr>\n<tr>\n<td><b>2012 <\/b><\/td>\n<td>Certificaci\u00f3n INVISALIGN (Ortodoncia invisible) en M\u00f3naco<\/td>\n<\/tr>\n<tr>\n<td><b>2013 <\/b><\/td>\n<td>Certificaci\u00f3n en L\u00e1ser Dental de la World Clinical Laser Institute<\/td>\n<\/tr>\n<tr>\n<td><b>2013 <\/b><\/td>\n<td>Certificado de Anatom\u00eda, de Cirug\u00eda, de Implantolog\u00eda y de t\u00e9cnicas avanzadas en Par\u00eds<\/td>\n<\/tr>\n<tr>\n<td><b>2013 <\/b><\/td>\n<td>Certificado de Disecci\u00f3n Anat\u00f3mica y de evaluaci\u00f3n de los riesgos quir\u00fargicos en cad\u00e1veres humanos en la Universidad de Par\u00eds 5.<\/td>\n<\/tr>\n<tr>\n<td><b>2013<\/b><\/td>\n<td>Certificaci\u00f3n ISO 9001 Calidad versi\u00f3n 2008<\/td>\n<\/tr>\n<tr>\n<td><b>2015<\/b><\/td>\n<td>Certificaci\u00f3n Hollywood smile &#8211; Lumineers (USA)<\/td>\n<\/tr>\n<tr>\n<td><b>2017<\/b><\/td>\n<td>Triple certificaci\u00f3n Calidad, Salud\/Seguridad, Medio ambiente &#8211; \u00a1Primicia mundial!<\/td>\n<\/tr>\n<\/tbody>\n<\/table>\n","protected":false},"excerpt":{"rendered":"<p>1995 Instituto Lyautey de Casablanca, Bachillerato en Ciencias, especialidad en matem\u00e1ticas, con menci\u00f3n 2000 Doctorado en Cirug\u00eda dental en la Facultad de Medicina dental de Casablanca; tesis obtenida con felicitaci\u00f3n del jurado sobre \u00ablos tratamientos precoces en ortodoncia\u00bb 2001 Universidad Par\u00eds 5 y 7: 1er a\u00f1o de especialidad en Ortodoncia 2001-2004 Posgrado en la New [&hellip;]<\/p>\n","protected":false},"author":12,"featured_media":0,"parent":0,"menu_order":0,"comment_status":"closed","ping_status":"closed","template":"","meta":{"_acf_changed":false,"footnotes":""},"class_list":["post-274","page","type-page","status-publish","hentry"],"acf":[],"yoast_head":"<!-- This site is optimized with the Yoast SEO plugin v25.2 - https:\/\/yoast.com\/wordpress\/plugins\/seo\/ -->\n<title>CV del Dr. Achraf Khadiri - Centre Dentaire Multisp\u00e9cialis\u00e9 de Tanger<\/title>\n<meta name=\"robots\" content=\"index, follow, max-snippet:-1, max-image-preview:large, max-video-preview:-1\" \/>\n<link rel=\"canonical\" href=\"https:\/\/dentistetanger.com\/es\/cv\/\" \/>\n<meta property=\"og:locale\" content=\"es_ES\" \/>\n<meta property=\"og:type\" content=\"article\" \/>\n<meta property=\"og:title\" content=\"CV del Dr. Achraf Khadiri - Centre Dentaire Multisp\u00e9cialis\u00e9 de Tanger\" \/>\n<meta property=\"og:description\" content=\"1995 Instituto Lyautey de Casablanca, Bachillerato en Ciencias, especialidad en matem\u00e1ticas, con menci\u00f3n 2000 Doctorado en Cirug\u00eda dental en la Facultad de Medicina dental de Casablanca; tesis obtenida con felicitaci\u00f3n del jurado sobre \u00ablos tratamientos precoces en ortodoncia\u00bb 2001 Universidad Par\u00eds 5 y 7: 1er a\u00f1o de especialidad en Ortodoncia 2001-2004 Posgrado en la New [&hellip;]\" \/>\n<meta property=\"og:url\" content=\"https:\/\/dentistetanger.com\/es\/cv\/\" \/>\n<meta property=\"og:site_name\" content=\"Centre Dentaire Multisp\u00e9cialis\u00e9 de Tanger\" \/>\n<meta property=\"article:modified_time\" content=\"2018-01-16T09:44:55+00:00\" \/>\n<meta name=\"twitter:card\" content=\"summary_large_image\" \/>\n<meta name=\"twitter:label1\" content=\"Tiempo de lectura\" \/>\n\t<meta name=\"twitter:data1\" content=\"2 minutos\" \/>\n<script type=\"application\/ld+json\" class=\"yoast-schema-graph\">{\"@context\":\"https:\/\/schema.org\",\"@graph\":[{\"@type\":\"WebPage\",\"@id\":\"https:\/\/dentistetanger.com\/es\/cv\/\",\"url\":\"https:\/\/dentistetanger.com\/es\/cv\/\",\"name\":\"CV del Dr. Achraf Khadiri - Centre Dentaire Multisp\u00e9cialis\u00e9 de Tanger\",\"isPartOf\":{\"@id\":\"https:\/\/dentistetanger.com\/#website\"},\"datePublished\":\"2013-12-02T13:18:35+00:00\",\"dateModified\":\"2018-01-16T09:44:55+00:00\",\"breadcrumb\":{\"@id\":\"https:\/\/dentistetanger.com\/es\/cv\/#breadcrumb\"},\"inLanguage\":\"es\",\"potentialAction\":[{\"@type\":\"ReadAction\",\"target\":[\"https:\/\/dentistetanger.com\/es\/cv\/\"]}]},{\"@type\":\"BreadcrumbList\",\"@id\":\"https:\/\/dentistetanger.com\/es\/cv\/#breadcrumb\",\"itemListElement\":[{\"@type\":\"ListItem\",\"position\":1,\"name\":\"Accueil\",\"item\":\"https:\/\/dentistetanger.com\/es\/\"},{\"@type\":\"ListItem\",\"position\":2,\"name\":\"CV del Dr. Achraf Khadiri\"}]},{\"@type\":\"WebSite\",\"@id\":\"https:\/\/dentistetanger.com\/#website\",\"url\":\"https:\/\/dentistetanger.com\/\",\"name\":\"Centre Dentaire Multisp\u00e9cialis\u00e9 de Tanger\",\"description\":\"La dentisterie du 21\u00e8me si\u00e8cle\",\"publisher\":{\"@id\":\"https:\/\/dentistetanger.com\/#organization\"},\"potentialAction\":[{\"@type\":\"SearchAction\",\"target\":{\"@type\":\"EntryPoint\",\"urlTemplate\":\"https:\/\/dentistetanger.com\/?s={search_term_string}\"},\"query-input\":{\"@type\":\"PropertyValueSpecification\",\"valueRequired\":true,\"valueName\":\"search_term_string\"}}],\"inLanguage\":\"es\"},{\"@type\":\"Organization\",\"@id\":\"https:\/\/dentistetanger.com\/#organization\",\"name\":\"Centre Dentaire Multisp\u00e9cialis\u00e9 de Tanger\",\"url\":\"https:\/\/dentistetanger.com\/\",\"logo\":{\"@type\":\"ImageObject\",\"inLanguage\":\"es\",\"@id\":\"https:\/\/dentistetanger.com\/#\/schema\/logo\/image\/\",\"url\":\"https:\/\/dentistetanger.com\/wp-content\/uploads\/2017\/10\/cropped-logo-1.jpg\",\"contentUrl\":\"https:\/\/dentistetanger.com\/wp-content\/uploads\/2017\/10\/cropped-logo-1.jpg\",\"width\":106,\"height\":158,\"caption\":\"Centre Dentaire Multisp\u00e9cialis\u00e9 de Tanger\"},\"image\":{\"@id\":\"https:\/\/dentistetanger.com\/#\/schema\/logo\/image\/\"}}]}<\/script>\n<!-- \/ Yoast SEO plugin. -->","yoast_head_json":{"title":"CV del Dr. Achraf Khadiri - Centre Dentaire Multisp\u00e9cialis\u00e9 de Tanger","robots":{"index":"index","follow":"follow","max-snippet":"max-snippet:-1","max-image-preview":"max-image-preview:large","max-video-preview":"max-video-preview:-1"},"canonical":"https:\/\/dentistetanger.com\/es\/cv\/","og_locale":"es_ES","og_type":"article","og_title":"CV del Dr. Achraf Khadiri - Centre Dentaire Multisp\u00e9cialis\u00e9 de Tanger","og_description":"1995 Instituto Lyautey de Casablanca, Bachillerato en Ciencias, especialidad en matem\u00e1ticas, con menci\u00f3n 2000 Doctorado en Cirug\u00eda dental en la Facultad de Medicina dental de Casablanca; tesis obtenida con felicitaci\u00f3n del jurado sobre \u00ablos tratamientos precoces en ortodoncia\u00bb 2001 Universidad Par\u00eds 5 y 7: 1er a\u00f1o de especialidad en Ortodoncia 2001-2004 Posgrado en la New [&hellip;]","og_url":"https:\/\/dentistetanger.com\/es\/cv\/","og_site_name":"Centre Dentaire Multisp\u00e9cialis\u00e9 de Tanger","article_modified_time":"2018-01-16T09:44:55+00:00","twitter_card":"summary_large_image","twitter_misc":{"Tiempo de lectura":"2 minutos"},"schema":{"@context":"https:\/\/schema.org","@graph":[{"@type":"WebPage","@id":"https:\/\/dentistetanger.com\/es\/cv\/","url":"https:\/\/dentistetanger.com\/es\/cv\/","name":"CV del Dr. Achraf Khadiri - Centre Dentaire Multisp\u00e9cialis\u00e9 de Tanger","isPartOf":{"@id":"https:\/\/dentistetanger.com\/#website"},"datePublished":"2013-12-02T13:18:35+00:00","dateModified":"2018-01-16T09:44:55+00:00","breadcrumb":{"@id":"https:\/\/dentistetanger.com\/es\/cv\/#breadcrumb"},"inLanguage":"es","potentialAction":[{"@type":"ReadAction","target":["https:\/\/dentistetanger.com\/es\/cv\/"]}]},{"@type":"BreadcrumbList","@id":"https:\/\/dentistetanger.com\/es\/cv\/#breadcrumb","itemListElement":[{"@type":"ListItem","position":1,"name":"Accueil","item":"https:\/\/dentistetanger.com\/es\/"},{"@type":"ListItem","position":2,"name":"CV del Dr. Achraf Khadiri"}]},{"@type":"WebSite","@id":"https:\/\/dentistetanger.com\/#website","url":"https:\/\/dentistetanger.com\/","name":"Centre Dentaire Multisp\u00e9cialis\u00e9 de Tanger","description":"La dentisterie du 21\u00e8me si\u00e8cle","publisher":{"@id":"https:\/\/dentistetanger.com\/#organization"},"potentialAction":[{"@type":"SearchAction","target":{"@type":"EntryPoint","urlTemplate":"https:\/\/dentistetanger.com\/?s={search_term_string}"},"query-input":{"@type":"PropertyValueSpecification","valueRequired":true,"valueName":"search_term_string"}}],"inLanguage":"es"},{"@type":"Organization","@id":"https:\/\/dentistetanger.com\/#organization","name":"Centre Dentaire Multisp\u00e9cialis\u00e9 de Tanger","url":"https:\/\/dentistetanger.com\/","logo":{"@type":"ImageObject","inLanguage":"es","@id":"https:\/\/dentistetanger.com\/#\/schema\/logo\/image\/","url":"https:\/\/dentistetanger.com\/wp-content\/uploads\/2017\/10\/cropped-logo-1.jpg","contentUrl":"https:\/\/dentistetanger.com\/wp-content\/uploads\/2017\/10\/cropped-logo-1.jpg","width":106,"height":158,"caption":"Centre Dentaire Multisp\u00e9cialis\u00e9 de Tanger"},"image":{"@id":"https:\/\/dentistetanger.com\/#\/schema\/logo\/image\/"}}]}},"_links":{"self":[{"href":"https:\/\/dentistetanger.com\/es\/wp-json\/wp\/v2\/pages\/274","targetHints":{"allow":["GET"]}}],"collection":[{"href":"https:\/\/dentistetanger.com\/es\/wp-json\/wp\/v2\/pages"}],"about":[{"href":"https:\/\/dentistetanger.com\/es\/wp-json\/wp\/v2\/types\/page"}],"author":[{"embeddable":true,"href":"https:\/\/dentistetanger.com\/es\/wp-json\/wp\/v2\/users\/12"}],"replies":[{"embeddable":true,"href":"https:\/\/dentistetanger.com\/es\/wp-json\/wp\/v2\/comments?post=274"}],"version-history":[{"count":0,"href":"https:\/\/dentistetanger.com\/es\/wp-json\/wp\/v2\/pages\/274\/revisions"}],"wp:attachment":[{"href":"https:\/\/dentistetanger.com\/es\/wp-json\/wp\/v2\/media?parent=274"}],"curies":[{"name":"wp","href":"https:\/\/api.w.org\/{rel}","templated":true}]}}