{"id":272,"date":"2013-12-19T17:39:21","date_gmt":"2013-12-19T16:39:21","guid":{"rendered":"https:\/\/dentistetanger.com\/?page_id=272"},"modified":"2018-01-16T17:04:10","modified_gmt":"2018-01-16T16:04:10","slug":"mentions-legales","status":"publish","type":"page","link":"https:\/\/dentistetanger.com\/es\/mentions-legales\/","title":{"rendered":"NOTAS LEGALES"},"content":{"rendered":"<p><span style=\"color: #0000ff;\"><strong>Site \u00e9dit\u00e9 par :<\/strong><\/span><br \/>\nLe Cabinet Dentaire Multisp\u00e9cialis\u00e9 de Tanger<\/p>\n<p><span style=\"color: #0000ff;\"><strong>Responsable \u00e9ditorial :<\/strong><\/span><br \/>\nAchraf Khadiri<br \/>\nT\u00e9l : +212 (0)5 39 94 93 72 \/ +212 (0)5 39 37 41 53<\/p>\n<p><span style=\"color: #0000ff;\"><strong>Site h\u00e9berg\u00e9 par : <\/strong><\/span><br \/>\n<a href=\"http:\/\/www.1and1.fr\/?k_id=25037450\" target=\"_blank\" rel=\"noopener noreferrer\">1 &amp; 1 Internet SARL<br \/>\n<\/a>Email : support@1and1.fr<\/p>\n","protected":false},"excerpt":{"rendered":"<p>Site \u00e9dit\u00e9 par : Le Cabinet Dentaire Multisp\u00e9cialis\u00e9 de Tanger Responsable \u00e9ditorial : Achraf Khadiri T\u00e9l : +212 (0)5 39 94 93 72 \/ +212 (0)5 39 37 41 53 Site h\u00e9berg\u00e9 par : 1 &amp; 1 Internet SARL Email : support@1and1.fr<\/p>\n","protected":false},"author":12,"featured_media":0,"parent":0,"menu_order":0,"comment_status":"closed","ping_status":"open","template":"template-mention.php","meta":{"_acf_changed":false,"footnotes":""},"class_list":["post-272","page","type-page","status-publish","hentry"],"acf":[],"yoast_head":"<!-- This site is optimized with the Yoast SEO plugin v25.2 - https:\/\/yoast.com\/wordpress\/plugins\/seo\/ -->\n<title>NOTAS LEGALES - Centre Dentaire Multisp\u00e9cialis\u00e9 de Tanger<\/title>\n<meta name=\"robots\" content=\"index, follow, max-snippet:-1, max-image-preview:large, max-video-preview:-1\" \/>\n<link rel=\"canonical\" href=\"https:\/\/dentistetanger.com\/es\/mentions-legales\/\" \/>\n<meta property=\"og:locale\" content=\"es_ES\" \/>\n<meta property=\"og:type\" content=\"article\" \/>\n<meta property=\"og:title\" content=\"NOTAS LEGALES - Centre Dentaire Multisp\u00e9cialis\u00e9 de Tanger\" \/>\n<meta property=\"og:description\" content=\"Site \u00e9dit\u00e9 par : Le Cabinet Dentaire Multisp\u00e9cialis\u00e9 de Tanger Responsable \u00e9ditorial : Achraf Khadiri T\u00e9l : +212 (0)5 39 94 93 72 \/ +212 (0)5 39 37 41 53 Site h\u00e9berg\u00e9 par : 1 &amp; 1 Internet SARL Email : support@1and1.fr\" \/>\n<meta property=\"og:url\" content=\"https:\/\/dentistetanger.com\/es\/mentions-legales\/\" \/>\n<meta property=\"og:site_name\" content=\"Centre Dentaire Multisp\u00e9cialis\u00e9 de Tanger\" \/>\n<meta property=\"article:modified_time\" content=\"2018-01-16T16:04:10+00:00\" \/>\n<meta name=\"twitter:card\" content=\"summary_large_image\" \/>\n<script type=\"application\/ld+json\" class=\"yoast-schema-graph\">{\"@context\":\"https:\/\/schema.org\",\"@graph\":[{\"@type\":\"WebPage\",\"@id\":\"https:\/\/dentistetanger.com\/es\/mentions-legales\/\",\"url\":\"https:\/\/dentistetanger.com\/es\/mentions-legales\/\",\"name\":\"NOTAS LEGALES - Centre Dentaire Multisp\u00e9cialis\u00e9 de Tanger\",\"isPartOf\":{\"@id\":\"https:\/\/dentistetanger.com\/#website\"},\"datePublished\":\"2013-12-19T16:39:21+00:00\",\"dateModified\":\"2018-01-16T16:04:10+00:00\",\"breadcrumb\":{\"@id\":\"https:\/\/dentistetanger.com\/es\/mentions-legales\/#breadcrumb\"},\"inLanguage\":\"es\",\"potentialAction\":[{\"@type\":\"ReadAction\",\"target\":[\"https:\/\/dentistetanger.com\/es\/mentions-legales\/\"]}]},{\"@type\":\"BreadcrumbList\",\"@id\":\"https:\/\/dentistetanger.com\/es\/mentions-legales\/#breadcrumb\",\"itemListElement\":[{\"@type\":\"ListItem\",\"position\":1,\"name\":\"Accueil\",\"item\":\"https:\/\/dentistetanger.com\/es\/\"},{\"@type\":\"ListItem\",\"position\":2,\"name\":\"NOTAS LEGALES\"}]},{\"@type\":\"WebSite\",\"@id\":\"https:\/\/dentistetanger.com\/#website\",\"url\":\"https:\/\/dentistetanger.com\/\",\"name\":\"Centre Dentaire Multisp\u00e9cialis\u00e9 de Tanger\",\"description\":\"La dentisterie du 21\u00e8me si\u00e8cle\",\"publisher\":{\"@id\":\"https:\/\/dentistetanger.com\/#organization\"},\"potentialAction\":[{\"@type\":\"SearchAction\",\"target\":{\"@type\":\"EntryPoint\",\"urlTemplate\":\"https:\/\/dentistetanger.com\/?s={search_term_string}\"},\"query-input\":{\"@type\":\"PropertyValueSpecification\",\"valueRequired\":true,\"valueName\":\"search_term_string\"}}],\"inLanguage\":\"es\"},{\"@type\":\"Organization\",\"@id\":\"https:\/\/dentistetanger.com\/#organization\",\"name\":\"Centre Dentaire Multisp\u00e9cialis\u00e9 de Tanger\",\"url\":\"https:\/\/dentistetanger.com\/\",\"logo\":{\"@type\":\"ImageObject\",\"inLanguage\":\"es\",\"@id\":\"https:\/\/dentistetanger.com\/#\/schema\/logo\/image\/\",\"url\":\"https:\/\/dentistetanger.com\/wp-content\/uploads\/2017\/10\/cropped-logo-1.jpg\",\"contentUrl\":\"https:\/\/dentistetanger.com\/wp-content\/uploads\/2017\/10\/cropped-logo-1.jpg\",\"width\":106,\"height\":158,\"caption\":\"Centre Dentaire Multisp\u00e9cialis\u00e9 de Tanger\"},\"image\":{\"@id\":\"https:\/\/dentistetanger.com\/#\/schema\/logo\/image\/\"}}]}<\/script>\n<!-- \/ Yoast SEO plugin. -->","yoast_head_json":{"title":"NOTAS LEGALES - Centre Dentaire Multisp\u00e9cialis\u00e9 de Tanger","robots":{"index":"index","follow":"follow","max-snippet":"max-snippet:-1","max-image-preview":"max-image-preview:large","max-video-preview":"max-video-preview:-1"},"canonical":"https:\/\/dentistetanger.com\/es\/mentions-legales\/","og_locale":"es_ES","og_type":"article","og_title":"NOTAS LEGALES - Centre Dentaire Multisp\u00e9cialis\u00e9 de Tanger","og_description":"Site \u00e9dit\u00e9 par : Le Cabinet Dentaire Multisp\u00e9cialis\u00e9 de Tanger Responsable \u00e9ditorial : Achraf Khadiri T\u00e9l : +212 (0)5 39 94 93 72 \/ +212 (0)5 39 37 41 53 Site h\u00e9berg\u00e9 par : 1 &amp; 1 Internet SARL Email : support@1and1.fr","og_url":"https:\/\/dentistetanger.com\/es\/mentions-legales\/","og_site_name":"Centre Dentaire Multisp\u00e9cialis\u00e9 de Tanger","article_modified_time":"2018-01-16T16:04:10+00:00","twitter_card":"summary_large_image","schema":{"@context":"https:\/\/schema.org","@graph":[{"@type":"WebPage","@id":"https:\/\/dentistetanger.com\/es\/mentions-legales\/","url":"https:\/\/dentistetanger.com\/es\/mentions-legales\/","name":"NOTAS LEGALES - Centre Dentaire Multisp\u00e9cialis\u00e9 de Tanger","isPartOf":{"@id":"https:\/\/dentistetanger.com\/#website"},"datePublished":"2013-12-19T16:39:21+00:00","dateModified":"2018-01-16T16:04:10+00:00","breadcrumb":{"@id":"https:\/\/dentistetanger.com\/es\/mentions-legales\/#breadcrumb"},"inLanguage":"es","potentialAction":[{"@type":"ReadAction","target":["https:\/\/dentistetanger.com\/es\/mentions-legales\/"]}]},{"@type":"BreadcrumbList","@id":"https:\/\/dentistetanger.com\/es\/mentions-legales\/#breadcrumb","itemListElement":[{"@type":"ListItem","position":1,"name":"Accueil","item":"https:\/\/dentistetanger.com\/es\/"},{"@type":"ListItem","position":2,"name":"NOTAS LEGALES"}]},{"@type":"WebSite","@id":"https:\/\/dentistetanger.com\/#website","url":"https:\/\/dentistetanger.com\/","name":"Centre Dentaire Multisp\u00e9cialis\u00e9 de Tanger","description":"La dentisterie du 21\u00e8me si\u00e8cle","publisher":{"@id":"https:\/\/dentistetanger.com\/#organization"},"potentialAction":[{"@type":"SearchAction","target":{"@type":"EntryPoint","urlTemplate":"https:\/\/dentistetanger.com\/?s={search_term_string}"},"query-input":{"@type":"PropertyValueSpecification","valueRequired":true,"valueName":"search_term_string"}}],"inLanguage":"es"},{"@type":"Organization","@id":"https:\/\/dentistetanger.com\/#organization","name":"Centre Dentaire Multisp\u00e9cialis\u00e9 de Tanger","url":"https:\/\/dentistetanger.com\/","logo":{"@type":"ImageObject","inLanguage":"es","@id":"https:\/\/dentistetanger.com\/#\/schema\/logo\/image\/","url":"https:\/\/dentistetanger.com\/wp-content\/uploads\/2017\/10\/cropped-logo-1.jpg","contentUrl":"https:\/\/dentistetanger.com\/wp-content\/uploads\/2017\/10\/cropped-logo-1.jpg","width":106,"height":158,"caption":"Centre Dentaire Multisp\u00e9cialis\u00e9 de Tanger"},"image":{"@id":"https:\/\/dentistetanger.com\/#\/schema\/logo\/image\/"}}]}},"_links":{"self":[{"href":"https:\/\/dentistetanger.com\/es\/wp-json\/wp\/v2\/pages\/272","targetHints":{"allow":["GET"]}}],"collection":[{"href":"https:\/\/dentistetanger.com\/es\/wp-json\/wp\/v2\/pages"}],"about":[{"href":"https:\/\/dentistetanger.com\/es\/wp-json\/wp\/v2\/types\/page"}],"author":[{"embeddable":true,"href":"https:\/\/dentistetanger.com\/es\/wp-json\/wp\/v2\/users\/12"}],"replies":[{"embeddable":true,"href":"https:\/\/dentistetanger.com\/es\/wp-json\/wp\/v2\/comments?post=272"}],"version-history":[{"count":0,"href":"https:\/\/dentistetanger.com\/es\/wp-json\/wp\/v2\/pages\/272\/revisions"}],"wp:attachment":[{"href":"https:\/\/dentistetanger.com\/es\/wp-json\/wp\/v2\/media?parent=272"}],"curies":[{"name":"wp","href":"https:\/\/api.w.org\/{rel}","templated":true}]}}