{"id":270,"date":"2013-12-02T14:19:06","date_gmt":"2013-12-02T13:19:06","guid":{"rendered":"https:\/\/dentistetanger.com\/?page_id=270"},"modified":"2018-01-16T10:46:20","modified_gmt":"2018-01-16T09:46:20","slug":"histoire-personnelle","status":"publish","type":"page","link":"https:\/\/dentistetanger.com\/es\/histoire-personnelle\/","title":{"rendered":"Historia personal"},"content":{"rendered":"<p>No voy a mentir y decir que siempre so\u00f1\u00e9 con ser dentista, so\u00f1aba m\u00e1s bien con ser futbolista del Bar\u00e7a, la decisi\u00f3n de estudiar en el campo de la odontolog\u00eda se tom\u00f3 por defecto; obtuve el bachillerato de ciencias, especialidad en matem\u00e1ticas, con menci\u00f3n en, el Instituto Lyautey de Casablanca, por lo tanto, ten\u00eda todas las puertas abiertas, ay proced\u00ed por eliminaci\u00f3n; no quer\u00eda tener un patr\u00f3n, ni horarios fijos, por lo que necesitaba una profesi\u00f3n como aut\u00f3nomo; hice una short list: abogado, arquitecto, farmac\u00e9utico, m\u00e9dico, dentista, comerciante y proced\u00ed por eliminaci\u00f3n, as\u00ed termin\u00e9 en la facultad de odontolog\u00eda; y eso que era la facultad con el acceso m\u00e1s dif\u00edcil (80 seleccionados de 5000 solicitudes).<\/p>\n<p>Al principio, reconozco que odi\u00e9 haber tomado esta decisi\u00f3n y la lament\u00e9, creo que fue en gran parte por la mediocridad pedag\u00f3gica del sistema educativo nacional. Cuando llegu\u00e9 a Par\u00eds, empec\u00e9 a cambiar de opini\u00f3n, y ya en Nueva York me enamor\u00e9, el estar acompa\u00f1ado por los mejores profesores del mundo cambi\u00f3 completamente mi concepci\u00f3n, all\u00ed la b\u00fasqueda de la excelencia es religi\u00f3n, la exigencia conmigo mismo se hizo cada vez mayor.<\/p>\n<p>De hecho, fueron precisamente la satisfacci\u00f3n de esta exigencia y el deseo de cuantificar la excelencia a la cual aspiro los motivos por los que me lanc\u00e9 el insolente desaf\u00edo de certificar mi cl\u00ednica dental con la norma ISO 9001 de calidad. Requiri\u00f3 much\u00edsimo esfuerzo y sacrificio, pero logr\u00e9 este desaf\u00edo en noviembre de 2012; oficializando as\u00ed la excelencia.<\/p>\n<p>5 a\u00f1os despu\u00e9s, con alguna que otra cana m\u00e1s, la ambici\u00f3n y las ganas de evolucionar me llevaron a plantearme un reto m\u00e1s insolente a\u00fan: obtener la famosa triple certificaci\u00f3n Calidad, Salud\/Seguridad, Medio ambiente), \u00a1y m\u00e1s teniendo en cuenta que ning\u00fan otro m\u00e9dico ni dentista en el mundo (si, ha le\u00eddo bien, \u00aben el mundo\u00bb) ha logrado obtenerla!<br \/>\nHamdoullah, soy oficialmente el primero del mundo que la tiene desde el verano de 2017.<\/p>\n<p>Al inicio de mi formaci\u00f3n, a menudo me hartaba la expresi\u00f3n \u00abel arte de la odontolog\u00eda\u00bb que no entend\u00eda, para m\u00ed la odontolog\u00eda era el tratamiento de los dientes, nada que ver con el arte, pero a lo largo de los a\u00f1os comprend\u00ed el sentido de esta expresi\u00f3n, y es que, efectivamente, es todo un arte (en miniatura), no se puede alcanzar la excelencia en odontolog\u00eda si no se realiza una obra art\u00edstica, hay que ser verdaderamente un buen artista para tratar de reproducir una creaci\u00f3n divina, sino el paciente no lo aceptar\u00eda. Precisamente, la diferencia entre un dentista excelente, un buen dentista y un dentista normal, es que este \u00faltimo sigue considerando que la odontolog\u00eda no es un arte, el segundo si considera que lo es pero no tiene la t\u00e9cnica ni la experiencia necesarias para alcanzar el nivel de obra art\u00edstica, el primero en cambio es un artista y se exige a si mismo serlo.<\/p>\n<p>Tambi\u00e9n hay una nueva generaci\u00f3n de dentistas 2.0 que viven en el pa\u00eds de las maravillas y que piensan que las experiencias en odontolog\u00eda que ven en YouTube se pueden ejecutar en la vida real con pacientes a los que tratan como conejillos de indias.<\/p>\n<p>No pretendo ser el mejor dentista, pero mi ambici\u00f3n es ciertamente convertirme en el mejor&#8230;<\/p>\n<p>Prefiero que los hechos y los actos me juzguen por s\u00ed mismos.<\/p>\n<p>Dr. Achraf Khadiri<\/p>\n","protected":false},"excerpt":{"rendered":"<p>No voy a mentir y decir que siempre so\u00f1\u00e9 con ser dentista, so\u00f1aba m\u00e1s bien con ser futbolista del Bar\u00e7a, la decisi\u00f3n de estudiar en el campo de la odontolog\u00eda se tom\u00f3 por defecto; obtuve el bachillerato de ciencias, especialidad en matem\u00e1ticas, con menci\u00f3n en, el Instituto Lyautey de Casablanca, por lo tanto, ten\u00eda todas [&hellip;]<\/p>\n","protected":false},"author":12,"featured_media":0,"parent":0,"menu_order":0,"comment_status":"closed","ping_status":"closed","template":"","meta":{"_acf_changed":false,"footnotes":""},"class_list":["post-270","page","type-page","status-publish","hentry"],"acf":[],"yoast_head":"<!-- This site is optimized with the Yoast SEO plugin v25.2 - https:\/\/yoast.com\/wordpress\/plugins\/seo\/ -->\n<title>Historia personal - Centre Dentaire Multisp\u00e9cialis\u00e9 de Tanger<\/title>\n<meta name=\"robots\" content=\"index, follow, max-snippet:-1, max-image-preview:large, max-video-preview:-1\" \/>\n<link rel=\"canonical\" href=\"https:\/\/dentistetanger.com\/es\/histoire-personnelle\/\" \/>\n<meta property=\"og:locale\" content=\"es_ES\" \/>\n<meta property=\"og:type\" content=\"article\" \/>\n<meta property=\"og:title\" content=\"Historia personal - Centre Dentaire Multisp\u00e9cialis\u00e9 de Tanger\" \/>\n<meta property=\"og:description\" content=\"No voy a mentir y decir que siempre so\u00f1\u00e9 con ser dentista, so\u00f1aba m\u00e1s bien con ser futbolista del Bar\u00e7a, la decisi\u00f3n de estudiar en el campo de la odontolog\u00eda se tom\u00f3 por defecto; obtuve el bachillerato de ciencias, especialidad en matem\u00e1ticas, con menci\u00f3n en, el Instituto Lyautey de Casablanca, por lo tanto, ten\u00eda todas [&hellip;]\" \/>\n<meta property=\"og:url\" content=\"https:\/\/dentistetanger.com\/es\/histoire-personnelle\/\" \/>\n<meta property=\"og:site_name\" content=\"Centre Dentaire Multisp\u00e9cialis\u00e9 de Tanger\" \/>\n<meta property=\"article:modified_time\" content=\"2018-01-16T09:46:20+00:00\" \/>\n<meta name=\"twitter:card\" content=\"summary_large_image\" \/>\n<meta name=\"twitter:label1\" content=\"Tiempo de lectura\" \/>\n\t<meta name=\"twitter:data1\" content=\"3 minutos\" \/>\n<script type=\"application\/ld+json\" class=\"yoast-schema-graph\">{\"@context\":\"https:\/\/schema.org\",\"@graph\":[{\"@type\":\"WebPage\",\"@id\":\"https:\/\/dentistetanger.com\/es\/histoire-personnelle\/\",\"url\":\"https:\/\/dentistetanger.com\/es\/histoire-personnelle\/\",\"name\":\"Historia personal - Centre Dentaire Multisp\u00e9cialis\u00e9 de Tanger\",\"isPartOf\":{\"@id\":\"https:\/\/dentistetanger.com\/#website\"},\"datePublished\":\"2013-12-02T13:19:06+00:00\",\"dateModified\":\"2018-01-16T09:46:20+00:00\",\"breadcrumb\":{\"@id\":\"https:\/\/dentistetanger.com\/es\/histoire-personnelle\/#breadcrumb\"},\"inLanguage\":\"es\",\"potentialAction\":[{\"@type\":\"ReadAction\",\"target\":[\"https:\/\/dentistetanger.com\/es\/histoire-personnelle\/\"]}]},{\"@type\":\"BreadcrumbList\",\"@id\":\"https:\/\/dentistetanger.com\/es\/histoire-personnelle\/#breadcrumb\",\"itemListElement\":[{\"@type\":\"ListItem\",\"position\":1,\"name\":\"Accueil\",\"item\":\"https:\/\/dentistetanger.com\/es\/\"},{\"@type\":\"ListItem\",\"position\":2,\"name\":\"Historia personal\"}]},{\"@type\":\"WebSite\",\"@id\":\"https:\/\/dentistetanger.com\/#website\",\"url\":\"https:\/\/dentistetanger.com\/\",\"name\":\"Centre Dentaire Multisp\u00e9cialis\u00e9 de Tanger\",\"description\":\"La dentisterie du 21\u00e8me si\u00e8cle\",\"publisher\":{\"@id\":\"https:\/\/dentistetanger.com\/#organization\"},\"potentialAction\":[{\"@type\":\"SearchAction\",\"target\":{\"@type\":\"EntryPoint\",\"urlTemplate\":\"https:\/\/dentistetanger.com\/?s={search_term_string}\"},\"query-input\":{\"@type\":\"PropertyValueSpecification\",\"valueRequired\":true,\"valueName\":\"search_term_string\"}}],\"inLanguage\":\"es\"},{\"@type\":\"Organization\",\"@id\":\"https:\/\/dentistetanger.com\/#organization\",\"name\":\"Centre Dentaire Multisp\u00e9cialis\u00e9 de Tanger\",\"url\":\"https:\/\/dentistetanger.com\/\",\"logo\":{\"@type\":\"ImageObject\",\"inLanguage\":\"es\",\"@id\":\"https:\/\/dentistetanger.com\/#\/schema\/logo\/image\/\",\"url\":\"https:\/\/dentistetanger.com\/wp-content\/uploads\/2017\/10\/cropped-logo-1.jpg\",\"contentUrl\":\"https:\/\/dentistetanger.com\/wp-content\/uploads\/2017\/10\/cropped-logo-1.jpg\",\"width\":106,\"height\":158,\"caption\":\"Centre Dentaire Multisp\u00e9cialis\u00e9 de Tanger\"},\"image\":{\"@id\":\"https:\/\/dentistetanger.com\/#\/schema\/logo\/image\/\"}}]}<\/script>\n<!-- \/ Yoast SEO plugin. -->","yoast_head_json":{"title":"Historia personal - Centre Dentaire Multisp\u00e9cialis\u00e9 de Tanger","robots":{"index":"index","follow":"follow","max-snippet":"max-snippet:-1","max-image-preview":"max-image-preview:large","max-video-preview":"max-video-preview:-1"},"canonical":"https:\/\/dentistetanger.com\/es\/histoire-personnelle\/","og_locale":"es_ES","og_type":"article","og_title":"Historia personal - Centre Dentaire Multisp\u00e9cialis\u00e9 de Tanger","og_description":"No voy a mentir y decir que siempre so\u00f1\u00e9 con ser dentista, so\u00f1aba m\u00e1s bien con ser futbolista del Bar\u00e7a, la decisi\u00f3n de estudiar en el campo de la odontolog\u00eda se tom\u00f3 por defecto; obtuve el bachillerato de ciencias, especialidad en matem\u00e1ticas, con menci\u00f3n en, el Instituto Lyautey de Casablanca, por lo tanto, ten\u00eda todas [&hellip;]","og_url":"https:\/\/dentistetanger.com\/es\/histoire-personnelle\/","og_site_name":"Centre Dentaire Multisp\u00e9cialis\u00e9 de Tanger","article_modified_time":"2018-01-16T09:46:20+00:00","twitter_card":"summary_large_image","twitter_misc":{"Tiempo de lectura":"3 minutos"},"schema":{"@context":"https:\/\/schema.org","@graph":[{"@type":"WebPage","@id":"https:\/\/dentistetanger.com\/es\/histoire-personnelle\/","url":"https:\/\/dentistetanger.com\/es\/histoire-personnelle\/","name":"Historia personal - Centre Dentaire Multisp\u00e9cialis\u00e9 de Tanger","isPartOf":{"@id":"https:\/\/dentistetanger.com\/#website"},"datePublished":"2013-12-02T13:19:06+00:00","dateModified":"2018-01-16T09:46:20+00:00","breadcrumb":{"@id":"https:\/\/dentistetanger.com\/es\/histoire-personnelle\/#breadcrumb"},"inLanguage":"es","potentialAction":[{"@type":"ReadAction","target":["https:\/\/dentistetanger.com\/es\/histoire-personnelle\/"]}]},{"@type":"BreadcrumbList","@id":"https:\/\/dentistetanger.com\/es\/histoire-personnelle\/#breadcrumb","itemListElement":[{"@type":"ListItem","position":1,"name":"Accueil","item":"https:\/\/dentistetanger.com\/es\/"},{"@type":"ListItem","position":2,"name":"Historia personal"}]},{"@type":"WebSite","@id":"https:\/\/dentistetanger.com\/#website","url":"https:\/\/dentistetanger.com\/","name":"Centre Dentaire Multisp\u00e9cialis\u00e9 de Tanger","description":"La dentisterie du 21\u00e8me si\u00e8cle","publisher":{"@id":"https:\/\/dentistetanger.com\/#organization"},"potentialAction":[{"@type":"SearchAction","target":{"@type":"EntryPoint","urlTemplate":"https:\/\/dentistetanger.com\/?s={search_term_string}"},"query-input":{"@type":"PropertyValueSpecification","valueRequired":true,"valueName":"search_term_string"}}],"inLanguage":"es"},{"@type":"Organization","@id":"https:\/\/dentistetanger.com\/#organization","name":"Centre Dentaire Multisp\u00e9cialis\u00e9 de Tanger","url":"https:\/\/dentistetanger.com\/","logo":{"@type":"ImageObject","inLanguage":"es","@id":"https:\/\/dentistetanger.com\/#\/schema\/logo\/image\/","url":"https:\/\/dentistetanger.com\/wp-content\/uploads\/2017\/10\/cropped-logo-1.jpg","contentUrl":"https:\/\/dentistetanger.com\/wp-content\/uploads\/2017\/10\/cropped-logo-1.jpg","width":106,"height":158,"caption":"Centre Dentaire Multisp\u00e9cialis\u00e9 de Tanger"},"image":{"@id":"https:\/\/dentistetanger.com\/#\/schema\/logo\/image\/"}}]}},"_links":{"self":[{"href":"https:\/\/dentistetanger.com\/es\/wp-json\/wp\/v2\/pages\/270","targetHints":{"allow":["GET"]}}],"collection":[{"href":"https:\/\/dentistetanger.com\/es\/wp-json\/wp\/v2\/pages"}],"about":[{"href":"https:\/\/dentistetanger.com\/es\/wp-json\/wp\/v2\/types\/page"}],"author":[{"embeddable":true,"href":"https:\/\/dentistetanger.com\/es\/wp-json\/wp\/v2\/users\/12"}],"replies":[{"embeddable":true,"href":"https:\/\/dentistetanger.com\/es\/wp-json\/wp\/v2\/comments?post=270"}],"version-history":[{"count":0,"href":"https:\/\/dentistetanger.com\/es\/wp-json\/wp\/v2\/pages\/270\/revisions"}],"wp:attachment":[{"href":"https:\/\/dentistetanger.com\/es\/wp-json\/wp\/v2\/media?parent=270"}],"curies":[{"name":"wp","href":"https:\/\/api.w.org\/{rel}","templated":true}]}}