{"id":260,"date":"2012-11-27T13:00:01","date_gmt":"2012-11-27T12:00:01","guid":{"rendered":"https:\/\/dentistetanger.com\/?page_id=260"},"modified":"2018-01-11T15:01:11","modified_gmt":"2018-01-11T14:01:11","slug":"accueil","status":"publish","type":"page","link":"https:\/\/dentistetanger.com\/es\/","title":{"rendered":"Accueil"},"content":{"rendered":"<p>Bienvenue au Centre Dentaire Multisp\u00e9cialis\u00e9 de Tanger. Bienvenue \u00e0 la dentisterie du 21\u00e9me si\u00e8cle. Ceci n\u2019est pas un site \u00e0 vis\u00e9e publicitaire, afin de recruter de nouveaux patients (pas besoin hamdoullah), mais nous voudrions que ce soit une plateforme d\u2019information et d\u2019interaction entre vous, nos chers patients, et nous. Et donc vous n\u2019allez pas voir d\u00e9filer des photos de sourires de stars (retouch\u00e9es au Photoshop), pour cela, nous laisserons Mr Google faire son travail.<\/p>\n<p>Confiez-nous votre bouche en toute s\u00e9r\u00e9nit\u00e9, nous nous efforcerons de vous offrir une sant\u00e9 et une esth\u00e9tique dentaires in\u00e9galables (parole d\u2019honneur).<\/p>\n","protected":false},"excerpt":{"rendered":"<p>Bienvenue au Centre Dentaire Multisp\u00e9cialis\u00e9 de Tanger. Bienvenue \u00e0 la dentisterie du 21\u00e9me si\u00e8cle. Ceci n\u2019est pas un site \u00e0 vis\u00e9e publicitaire, afin de recruter de nouveaux patients (pas besoin hamdoullah), mais nous voudrions que ce soit une plateforme d\u2019information et d\u2019interaction entre vous, nos chers patients, et nous. Et donc vous n\u2019allez pas voir [&hellip;]<\/p>\n","protected":false},"author":12,"featured_media":0,"parent":0,"menu_order":0,"comment_status":"closed","ping_status":"closed","template":"template-home.php","meta":{"_acf_changed":false,"footnotes":""},"class_list":["post-260","page","type-page","status-publish","hentry"],"acf":[],"yoast_head":"<!-- This site is optimized with the Yoast SEO plugin v25.2 - https:\/\/yoast.com\/wordpress\/plugins\/seo\/ -->\n<title>Accueil - Centre Dentaire Multisp\u00e9cialis\u00e9 de Tanger<\/title>\n<meta name=\"robots\" content=\"index, follow, max-snippet:-1, max-image-preview:large, max-video-preview:-1\" \/>\n<link rel=\"canonical\" href=\"https:\/\/dentistetanger.com\/es\/\" \/>\n<meta property=\"og:locale\" content=\"es_ES\" \/>\n<meta property=\"og:type\" content=\"article\" \/>\n<meta property=\"og:title\" content=\"Accueil - Centre Dentaire Multisp\u00e9cialis\u00e9 de Tanger\" \/>\n<meta property=\"og:description\" content=\"Bienvenue au Centre Dentaire Multisp\u00e9cialis\u00e9 de Tanger. Bienvenue \u00e0 la dentisterie du 21\u00e9me si\u00e8cle. Ceci n\u2019est pas un site \u00e0 vis\u00e9e publicitaire, afin de recruter de nouveaux patients (pas besoin hamdoullah), mais nous voudrions que ce soit une plateforme d\u2019information et d\u2019interaction entre vous, nos chers patients, et nous. Et donc vous n\u2019allez pas voir [&hellip;]\" \/>\n<meta property=\"og:url\" content=\"https:\/\/dentistetanger.com\/es\/\" \/>\n<meta property=\"og:site_name\" content=\"Centre Dentaire Multisp\u00e9cialis\u00e9 de Tanger\" \/>\n<meta property=\"article:modified_time\" content=\"2018-01-11T14:01:11+00:00\" \/>\n<meta name=\"twitter:card\" content=\"summary_large_image\" \/>\n<meta name=\"twitter:label1\" content=\"Tiempo de lectura\" \/>\n\t<meta name=\"twitter:data1\" content=\"1 minuto\" \/>\n<script type=\"application\/ld+json\" class=\"yoast-schema-graph\">{\"@context\":\"https:\/\/schema.org\",\"@graph\":[{\"@type\":\"WebPage\",\"@id\":\"https:\/\/dentistetanger.com\/es\/\",\"url\":\"https:\/\/dentistetanger.com\/es\/\",\"name\":\"Accueil - Centre Dentaire Multisp\u00e9cialis\u00e9 de Tanger\",\"isPartOf\":{\"@id\":\"https:\/\/dentistetanger.com\/#website\"},\"datePublished\":\"2012-11-27T12:00:01+00:00\",\"dateModified\":\"2018-01-11T14:01:11+00:00\",\"breadcrumb\":{\"@id\":\"https:\/\/dentistetanger.com\/es\/#breadcrumb\"},\"inLanguage\":\"es\",\"potentialAction\":[{\"@type\":\"ReadAction\",\"target\":[\"https:\/\/dentistetanger.com\/es\/\"]}]},{\"@type\":\"BreadcrumbList\",\"@id\":\"https:\/\/dentistetanger.com\/es\/#breadcrumb\",\"itemListElement\":[{\"@type\":\"ListItem\",\"position\":1,\"name\":\"Accueil\",\"item\":\"https:\/\/dentistetanger.com\/es\/\"},{\"@type\":\"ListItem\",\"position\":2,\"name\":\"Accueil\"}]},{\"@type\":\"WebSite\",\"@id\":\"https:\/\/dentistetanger.com\/#website\",\"url\":\"https:\/\/dentistetanger.com\/\",\"name\":\"Centre Dentaire Multisp\u00e9cialis\u00e9 de Tanger\",\"description\":\"La dentisterie du 21\u00e8me si\u00e8cle\",\"publisher\":{\"@id\":\"https:\/\/dentistetanger.com\/#organization\"},\"potentialAction\":[{\"@type\":\"SearchAction\",\"target\":{\"@type\":\"EntryPoint\",\"urlTemplate\":\"https:\/\/dentistetanger.com\/?s={search_term_string}\"},\"query-input\":{\"@type\":\"PropertyValueSpecification\",\"valueRequired\":true,\"valueName\":\"search_term_string\"}}],\"inLanguage\":\"es\"},{\"@type\":\"Organization\",\"@id\":\"https:\/\/dentistetanger.com\/#organization\",\"name\":\"Centre Dentaire Multisp\u00e9cialis\u00e9 de Tanger\",\"url\":\"https:\/\/dentistetanger.com\/\",\"logo\":{\"@type\":\"ImageObject\",\"inLanguage\":\"es\",\"@id\":\"https:\/\/dentistetanger.com\/#\/schema\/logo\/image\/\",\"url\":\"https:\/\/dentistetanger.com\/wp-content\/uploads\/2017\/10\/cropped-logo-1.jpg\",\"contentUrl\":\"https:\/\/dentistetanger.com\/wp-content\/uploads\/2017\/10\/cropped-logo-1.jpg\",\"width\":106,\"height\":158,\"caption\":\"Centre Dentaire Multisp\u00e9cialis\u00e9 de Tanger\"},\"image\":{\"@id\":\"https:\/\/dentistetanger.com\/#\/schema\/logo\/image\/\"}}]}<\/script>\n<!-- \/ Yoast SEO plugin. -->","yoast_head_json":{"title":"Accueil - Centre Dentaire Multisp\u00e9cialis\u00e9 de Tanger","robots":{"index":"index","follow":"follow","max-snippet":"max-snippet:-1","max-image-preview":"max-image-preview:large","max-video-preview":"max-video-preview:-1"},"canonical":"https:\/\/dentistetanger.com\/es\/","og_locale":"es_ES","og_type":"article","og_title":"Accueil - Centre Dentaire Multisp\u00e9cialis\u00e9 de Tanger","og_description":"Bienvenue au Centre Dentaire Multisp\u00e9cialis\u00e9 de Tanger. Bienvenue \u00e0 la dentisterie du 21\u00e9me si\u00e8cle. Ceci n\u2019est pas un site \u00e0 vis\u00e9e publicitaire, afin de recruter de nouveaux patients (pas besoin hamdoullah), mais nous voudrions que ce soit une plateforme d\u2019information et d\u2019interaction entre vous, nos chers patients, et nous. Et donc vous n\u2019allez pas voir [&hellip;]","og_url":"https:\/\/dentistetanger.com\/es\/","og_site_name":"Centre Dentaire Multisp\u00e9cialis\u00e9 de Tanger","article_modified_time":"2018-01-11T14:01:11+00:00","twitter_card":"summary_large_image","twitter_misc":{"Tiempo de lectura":"1 minuto"},"schema":{"@context":"https:\/\/schema.org","@graph":[{"@type":"WebPage","@id":"https:\/\/dentistetanger.com\/es\/","url":"https:\/\/dentistetanger.com\/es\/","name":"Accueil - Centre Dentaire Multisp\u00e9cialis\u00e9 de Tanger","isPartOf":{"@id":"https:\/\/dentistetanger.com\/#website"},"datePublished":"2012-11-27T12:00:01+00:00","dateModified":"2018-01-11T14:01:11+00:00","breadcrumb":{"@id":"https:\/\/dentistetanger.com\/es\/#breadcrumb"},"inLanguage":"es","potentialAction":[{"@type":"ReadAction","target":["https:\/\/dentistetanger.com\/es\/"]}]},{"@type":"BreadcrumbList","@id":"https:\/\/dentistetanger.com\/es\/#breadcrumb","itemListElement":[{"@type":"ListItem","position":1,"name":"Accueil","item":"https:\/\/dentistetanger.com\/es\/"},{"@type":"ListItem","position":2,"name":"Accueil"}]},{"@type":"WebSite","@id":"https:\/\/dentistetanger.com\/#website","url":"https:\/\/dentistetanger.com\/","name":"Centre Dentaire Multisp\u00e9cialis\u00e9 de Tanger","description":"La dentisterie du 21\u00e8me si\u00e8cle","publisher":{"@id":"https:\/\/dentistetanger.com\/#organization"},"potentialAction":[{"@type":"SearchAction","target":{"@type":"EntryPoint","urlTemplate":"https:\/\/dentistetanger.com\/?s={search_term_string}"},"query-input":{"@type":"PropertyValueSpecification","valueRequired":true,"valueName":"search_term_string"}}],"inLanguage":"es"},{"@type":"Organization","@id":"https:\/\/dentistetanger.com\/#organization","name":"Centre Dentaire Multisp\u00e9cialis\u00e9 de Tanger","url":"https:\/\/dentistetanger.com\/","logo":{"@type":"ImageObject","inLanguage":"es","@id":"https:\/\/dentistetanger.com\/#\/schema\/logo\/image\/","url":"https:\/\/dentistetanger.com\/wp-content\/uploads\/2017\/10\/cropped-logo-1.jpg","contentUrl":"https:\/\/dentistetanger.com\/wp-content\/uploads\/2017\/10\/cropped-logo-1.jpg","width":106,"height":158,"caption":"Centre Dentaire Multisp\u00e9cialis\u00e9 de Tanger"},"image":{"@id":"https:\/\/dentistetanger.com\/#\/schema\/logo\/image\/"}}]}},"_links":{"self":[{"href":"https:\/\/dentistetanger.com\/es\/wp-json\/wp\/v2\/pages\/260","targetHints":{"allow":["GET"]}}],"collection":[{"href":"https:\/\/dentistetanger.com\/es\/wp-json\/wp\/v2\/pages"}],"about":[{"href":"https:\/\/dentistetanger.com\/es\/wp-json\/wp\/v2\/types\/page"}],"author":[{"embeddable":true,"href":"https:\/\/dentistetanger.com\/es\/wp-json\/wp\/v2\/users\/12"}],"replies":[{"embeddable":true,"href":"https:\/\/dentistetanger.com\/es\/wp-json\/wp\/v2\/comments?post=260"}],"version-history":[{"count":0,"href":"https:\/\/dentistetanger.com\/es\/wp-json\/wp\/v2\/pages\/260\/revisions"}],"wp:attachment":[{"href":"https:\/\/dentistetanger.com\/es\/wp-json\/wp\/v2\/media?parent=260"}],"curies":[{"name":"wp","href":"https:\/\/api.w.org\/{rel}","templated":true}]}}