{"id":283,"date":"2013-12-02T13:38:45","date_gmt":"2013-12-02T12:38:45","guid":{"rendered":"https:\/\/dentistetanger.com\/?page_id=283"},"modified":"2018-07-02T09:11:36","modified_gmt":"2018-07-02T08:11:36","slug":"nos-atouts","status":"publish","type":"page","link":"https:\/\/dentistetanger.com\/en\/nous\/nos-atouts\/","title":{"rendered":"Nos plus et atouts"},"content":{"rendered":"<table border=\"0\">\n<tbody>\n<tr>\n<td style=\"width: 48%;\" valign=\"top\">\n<ul>\n<li>Praticien multisp\u00e9cialiste, form\u00e9 \u00e0 la prestigieuse New York University, encadr\u00e9 tout au long de son cursus interminable par les meilleurs professeurs du monde<\/li>\n<li>Nous avons la chance de b\u00e9n\u00e9ficier de la collaboration de professeurs de renomm\u00e9e mondiale, les cas jug\u00e9s compliqu\u00e9s sont automatiquement envoy\u00e9s, discut\u00e9s et g\u00e9r\u00e9s conjointement avec les diff\u00e9rents\u00a0 d\u00e9partements de l\u2019universit\u00e9 de New York<\/li>\n<li>Tous nos traitements sont garantis 20 ans (non, ce n\u2019est pas une erreur de frappe, ce sont bien 20 ans), un vrai gage d\u2019excellence<\/li>\n<li>Unique cabinet m\u00e9dical et \/ou dentaire en Afrique \u00e0 obtenir la certification ISO 9001 de qualit\u00e9 en : St\u00e9rilisation, Orthodontie, Dentisterie au laser, Parodontie, Implantologie, Dentisterie P\u00e9diatrique et Dentisterie Esth\u00e9tique<\/li>\n<\/ul>\n<\/td>\n<td style=\"width: 4%;\" valign=\"top\"><\/td>\n<td style=\"width: 48%;\" valign=\"top\">\n<ul>\n<li>Traitement personnalis\u00e9 et VIP<\/li>\n<li>Ponctualit\u00e9 des rendez-vous<\/li>\n<li>Derni\u00e8res techniques et technologies dentaires (Traitements au laser, anesth\u00e9sie \u00e9lectronique indolore&#8230;)<\/li>\n<li>S\u00e9ances p\u00e9riodiques et gratuites de fluoration au fauteuil pour nos patients enfants<\/li>\n<li>Staff rigoureusement form\u00e9 et hautement qualifi\u00e9<\/li>\n<li>Notre devise : Passion, Bonne foi et Excellence<\/li>\n<\/ul>\n<\/td>\n<\/tr>\n<\/tbody>\n<\/table>\n","protected":false},"excerpt":{"rendered":"<p>Praticien multisp\u00e9cialiste, form\u00e9 \u00e0 la prestigieuse New York University, encadr\u00e9 tout au long de son cursus interminable par les meilleurs professeurs du monde Nous avons la chance de b\u00e9n\u00e9ficier de la collaboration de professeurs de renomm\u00e9e mondiale, les cas jug\u00e9s compliqu\u00e9s sont automatiquement envoy\u00e9s, discut\u00e9s et g\u00e9r\u00e9s conjointement avec les diff\u00e9rents\u00a0 d\u00e9partements de l\u2019universit\u00e9 de [&hellip;]<\/p>\n","protected":false},"author":12,"featured_media":0,"parent":275,"menu_order":0,"comment_status":"closed","ping_status":"closed","template":"template-full.php","meta":{"_acf_changed":false,"footnotes":""},"class_list":["post-283","page","type-page","status-publish","hentry"],"acf":[],"yoast_head":"<!-- This site is optimized with the Yoast SEO plugin v25.2 - https:\/\/yoast.com\/wordpress\/plugins\/seo\/ -->\n<title>Nos plus et atouts - Centre Dentaire Multisp\u00e9cialis\u00e9 de Tanger<\/title>\n<meta name=\"robots\" content=\"index, follow, max-snippet:-1, max-image-preview:large, max-video-preview:-1\" \/>\n<link rel=\"canonical\" href=\"https:\/\/dentistetanger.com\/en\/nous\/nos-atouts\/\" \/>\n<meta property=\"og:locale\" content=\"en_US\" \/>\n<meta property=\"og:type\" content=\"article\" \/>\n<meta property=\"og:title\" content=\"Nos plus et atouts - Centre Dentaire Multisp\u00e9cialis\u00e9 de Tanger\" \/>\n<meta property=\"og:description\" content=\"Praticien multisp\u00e9cialiste, form\u00e9 \u00e0 la prestigieuse New York University, encadr\u00e9 tout au long de son cursus interminable par les meilleurs professeurs du monde Nous avons la chance de b\u00e9n\u00e9ficier de la collaboration de professeurs de renomm\u00e9e mondiale, les cas jug\u00e9s compliqu\u00e9s sont automatiquement envoy\u00e9s, discut\u00e9s et g\u00e9r\u00e9s conjointement avec les diff\u00e9rents\u00a0 d\u00e9partements de l\u2019universit\u00e9 de [&hellip;]\" \/>\n<meta property=\"og:url\" content=\"https:\/\/dentistetanger.com\/en\/nous\/nos-atouts\/\" \/>\n<meta property=\"og:site_name\" content=\"Centre Dentaire Multisp\u00e9cialis\u00e9 de Tanger\" \/>\n<meta property=\"article:modified_time\" content=\"2018-07-02T08:11:36+00:00\" \/>\n<meta name=\"twitter:card\" content=\"summary_large_image\" \/>\n<meta name=\"twitter:label1\" content=\"Est. reading time\" \/>\n\t<meta name=\"twitter:data1\" content=\"1 minute\" \/>\n<script type=\"application\/ld+json\" class=\"yoast-schema-graph\">{\"@context\":\"https:\/\/schema.org\",\"@graph\":[{\"@type\":\"WebPage\",\"@id\":\"https:\/\/dentistetanger.com\/en\/nous\/nos-atouts\/\",\"url\":\"https:\/\/dentistetanger.com\/en\/nous\/nos-atouts\/\",\"name\":\"Nos plus et atouts - Centre Dentaire Multisp\u00e9cialis\u00e9 de Tanger\",\"isPartOf\":{\"@id\":\"https:\/\/dentistetanger.com\/#website\"},\"datePublished\":\"2013-12-02T12:38:45+00:00\",\"dateModified\":\"2018-07-02T08:11:36+00:00\",\"breadcrumb\":{\"@id\":\"https:\/\/dentistetanger.com\/en\/nous\/nos-atouts\/#breadcrumb\"},\"inLanguage\":\"en-US\",\"potentialAction\":[{\"@type\":\"ReadAction\",\"target\":[\"https:\/\/dentistetanger.com\/en\/nous\/nos-atouts\/\"]}]},{\"@type\":\"BreadcrumbList\",\"@id\":\"https:\/\/dentistetanger.com\/en\/nous\/nos-atouts\/#breadcrumb\",\"itemListElement\":[{\"@type\":\"ListItem\",\"position\":1,\"name\":\"Accueil\",\"item\":\"https:\/\/dentistetanger.com\/en\/\"},{\"@type\":\"ListItem\",\"position\":2,\"name\":\"Nous\",\"item\":\"https:\/\/dentistetanger.com\/en\/nous\/\"},{\"@type\":\"ListItem\",\"position\":3,\"name\":\"Nos plus et atouts\"}]},{\"@type\":\"WebSite\",\"@id\":\"https:\/\/dentistetanger.com\/#website\",\"url\":\"https:\/\/dentistetanger.com\/\",\"name\":\"Centre Dentaire Multisp\u00e9cialis\u00e9 de Tanger\",\"description\":\"La dentisterie du 21\u00e8me si\u00e8cle\",\"publisher\":{\"@id\":\"https:\/\/dentistetanger.com\/#organization\"},\"potentialAction\":[{\"@type\":\"SearchAction\",\"target\":{\"@type\":\"EntryPoint\",\"urlTemplate\":\"https:\/\/dentistetanger.com\/?s={search_term_string}\"},\"query-input\":{\"@type\":\"PropertyValueSpecification\",\"valueRequired\":true,\"valueName\":\"search_term_string\"}}],\"inLanguage\":\"en-US\"},{\"@type\":\"Organization\",\"@id\":\"https:\/\/dentistetanger.com\/#organization\",\"name\":\"Centre Dentaire Multisp\u00e9cialis\u00e9 de Tanger\",\"url\":\"https:\/\/dentistetanger.com\/\",\"logo\":{\"@type\":\"ImageObject\",\"inLanguage\":\"en-US\",\"@id\":\"https:\/\/dentistetanger.com\/#\/schema\/logo\/image\/\",\"url\":\"https:\/\/dentistetanger.com\/wp-content\/uploads\/2017\/10\/cropped-logo-1.jpg\",\"contentUrl\":\"https:\/\/dentistetanger.com\/wp-content\/uploads\/2017\/10\/cropped-logo-1.jpg\",\"width\":106,\"height\":158,\"caption\":\"Centre Dentaire Multisp\u00e9cialis\u00e9 de Tanger\"},\"image\":{\"@id\":\"https:\/\/dentistetanger.com\/#\/schema\/logo\/image\/\"}}]}<\/script>\n<!-- \/ Yoast SEO plugin. -->","yoast_head_json":{"title":"Nos plus et atouts - Centre Dentaire Multisp\u00e9cialis\u00e9 de Tanger","robots":{"index":"index","follow":"follow","max-snippet":"max-snippet:-1","max-image-preview":"max-image-preview:large","max-video-preview":"max-video-preview:-1"},"canonical":"https:\/\/dentistetanger.com\/en\/nous\/nos-atouts\/","og_locale":"en_US","og_type":"article","og_title":"Nos plus et atouts - Centre Dentaire Multisp\u00e9cialis\u00e9 de Tanger","og_description":"Praticien multisp\u00e9cialiste, form\u00e9 \u00e0 la prestigieuse New York University, encadr\u00e9 tout au long de son cursus interminable par les meilleurs professeurs du monde Nous avons la chance de b\u00e9n\u00e9ficier de la collaboration de professeurs de renomm\u00e9e mondiale, les cas jug\u00e9s compliqu\u00e9s sont automatiquement envoy\u00e9s, discut\u00e9s et g\u00e9r\u00e9s conjointement avec les diff\u00e9rents\u00a0 d\u00e9partements de l\u2019universit\u00e9 de [&hellip;]","og_url":"https:\/\/dentistetanger.com\/en\/nous\/nos-atouts\/","og_site_name":"Centre Dentaire Multisp\u00e9cialis\u00e9 de Tanger","article_modified_time":"2018-07-02T08:11:36+00:00","twitter_card":"summary_large_image","twitter_misc":{"Est. reading time":"1 minute"},"schema":{"@context":"https:\/\/schema.org","@graph":[{"@type":"WebPage","@id":"https:\/\/dentistetanger.com\/en\/nous\/nos-atouts\/","url":"https:\/\/dentistetanger.com\/en\/nous\/nos-atouts\/","name":"Nos plus et atouts - Centre Dentaire Multisp\u00e9cialis\u00e9 de Tanger","isPartOf":{"@id":"https:\/\/dentistetanger.com\/#website"},"datePublished":"2013-12-02T12:38:45+00:00","dateModified":"2018-07-02T08:11:36+00:00","breadcrumb":{"@id":"https:\/\/dentistetanger.com\/en\/nous\/nos-atouts\/#breadcrumb"},"inLanguage":"en-US","potentialAction":[{"@type":"ReadAction","target":["https:\/\/dentistetanger.com\/en\/nous\/nos-atouts\/"]}]},{"@type":"BreadcrumbList","@id":"https:\/\/dentistetanger.com\/en\/nous\/nos-atouts\/#breadcrumb","itemListElement":[{"@type":"ListItem","position":1,"name":"Accueil","item":"https:\/\/dentistetanger.com\/en\/"},{"@type":"ListItem","position":2,"name":"Nous","item":"https:\/\/dentistetanger.com\/en\/nous\/"},{"@type":"ListItem","position":3,"name":"Nos plus et atouts"}]},{"@type":"WebSite","@id":"https:\/\/dentistetanger.com\/#website","url":"https:\/\/dentistetanger.com\/","name":"Centre Dentaire Multisp\u00e9cialis\u00e9 de Tanger","description":"La dentisterie du 21\u00e8me si\u00e8cle","publisher":{"@id":"https:\/\/dentistetanger.com\/#organization"},"potentialAction":[{"@type":"SearchAction","target":{"@type":"EntryPoint","urlTemplate":"https:\/\/dentistetanger.com\/?s={search_term_string}"},"query-input":{"@type":"PropertyValueSpecification","valueRequired":true,"valueName":"search_term_string"}}],"inLanguage":"en-US"},{"@type":"Organization","@id":"https:\/\/dentistetanger.com\/#organization","name":"Centre Dentaire Multisp\u00e9cialis\u00e9 de Tanger","url":"https:\/\/dentistetanger.com\/","logo":{"@type":"ImageObject","inLanguage":"en-US","@id":"https:\/\/dentistetanger.com\/#\/schema\/logo\/image\/","url":"https:\/\/dentistetanger.com\/wp-content\/uploads\/2017\/10\/cropped-logo-1.jpg","contentUrl":"https:\/\/dentistetanger.com\/wp-content\/uploads\/2017\/10\/cropped-logo-1.jpg","width":106,"height":158,"caption":"Centre Dentaire Multisp\u00e9cialis\u00e9 de Tanger"},"image":{"@id":"https:\/\/dentistetanger.com\/#\/schema\/logo\/image\/"}}]}},"_links":{"self":[{"href":"https:\/\/dentistetanger.com\/en\/wp-json\/wp\/v2\/pages\/283","targetHints":{"allow":["GET"]}}],"collection":[{"href":"https:\/\/dentistetanger.com\/en\/wp-json\/wp\/v2\/pages"}],"about":[{"href":"https:\/\/dentistetanger.com\/en\/wp-json\/wp\/v2\/types\/page"}],"author":[{"embeddable":true,"href":"https:\/\/dentistetanger.com\/en\/wp-json\/wp\/v2\/users\/12"}],"replies":[{"embeddable":true,"href":"https:\/\/dentistetanger.com\/en\/wp-json\/wp\/v2\/comments?post=283"}],"version-history":[{"count":0,"href":"https:\/\/dentistetanger.com\/en\/wp-json\/wp\/v2\/pages\/283\/revisions"}],"up":[{"embeddable":true,"href":"https:\/\/dentistetanger.com\/en\/wp-json\/wp\/v2\/pages\/275"}],"wp:attachment":[{"href":"https:\/\/dentistetanger.com\/en\/wp-json\/wp\/v2\/media?parent=283"}],"curies":[{"name":"wp","href":"https:\/\/api.w.org\/{rel}","templated":true}]}}