{"id":279,"date":"2012-11-27T13:00:29","date_gmt":"2012-11-27T12:00:29","guid":{"rendered":"https:\/\/dentistetanger.com\/?page_id=279"},"modified":"2018-08-13T12:11:36","modified_gmt":"2018-08-13T11:11:36","slug":"le-centre","status":"publish","type":"page","link":"https:\/\/dentistetanger.com\/en\/le-centre\/","title":{"rendered":"CENTER"},"content":{"rendered":"<p>Our practice is a health centre for your teeth. Forget about the stress, smell (it couldn\u2019t be more recognisable and nauseating) and look of a regular dental practice; you\u2019ll feel you\u2019re in a warm and cosy space with a bespoke VIP treatment.<\/p>\n<p>Expertise, professionalism and integrity as standard.<\/p>\n<p>The appliances, equipment and materials used to provide you with the best dental treatments are made in America whilst the hygiene and sterilisation standards alongside all our specialities have been triple QSE, Quality, Safety, Environment certified (unique in the world).<\/p>\n<p>&nbsp;<\/p>\n<h2 style=\"text-align: center;\">OUR ADVANTAGES AND ASSETS<\/h2>\n<p>&nbsp;<\/p>\n<ul>\n<li>A multi-specialist practitioner trained at the prestigious New York University and taught by the best teachers in the world throughout his lengthy training.<\/li>\n<li>The only medical\/dental practice in the world to be triple QSE certified (Quality, Safety, Environment).<\/li>\n<\/ul>\n<p>&nbsp;<\/p>\n<p><img loading=\"lazy\" decoding=\"async\" class=\"alignnone wp-image-917 size-full\" src=\"https:\/\/dentistetanger.com\/wp-content\/uploads\/2012\/11\/ISO-9001_EN.png\" alt=\"\" width=\"181\" height=\"181\" srcset=\"https:\/\/dentistetanger.com\/wp-content\/uploads\/2012\/11\/ISO-9001_EN.png 181w, https:\/\/dentistetanger.com\/wp-content\/uploads\/2012\/11\/ISO-9001_EN-150x150.png 150w\" sizes=\"auto, (max-width: 181px) 100vw, 181px\" \/><img loading=\"lazy\" decoding=\"async\" class=\"alignnone wp-image-918 size-full\" src=\"https:\/\/dentistetanger.com\/wp-content\/uploads\/2012\/11\/ISO-14001_EN.png\" alt=\"\" width=\"181\" height=\"181\" srcset=\"https:\/\/dentistetanger.com\/wp-content\/uploads\/2012\/11\/ISO-14001_EN.png 181w, https:\/\/dentistetanger.com\/wp-content\/uploads\/2012\/11\/ISO-14001_EN-150x150.png 150w\" sizes=\"auto, (max-width: 181px) 100vw, 181px\" \/><img loading=\"lazy\" decoding=\"async\" class=\"alignnone wp-image-919 size-full\" src=\"https:\/\/dentistetanger.com\/wp-content\/uploads\/2012\/11\/OHSAS-18001_EN.png\" alt=\"\" width=\"181\" height=\"181\" srcset=\"https:\/\/dentistetanger.com\/wp-content\/uploads\/2012\/11\/OHSAS-18001_EN.png 181w, https:\/\/dentistetanger.com\/wp-content\/uploads\/2012\/11\/OHSAS-18001_EN-150x150.png 150w\" sizes=\"auto, (max-width: 181px) 100vw, 181px\" \/><\/p>\n<p>&nbsp;<\/p>\n<ul>\n<li>We are also fortunate enough to work with world-renowned practitioners and cases deemed complicated are automatically sent, discussed and handled in collaboration with different departments at New York University.<\/li>\n<li>All our treatments are guaranteed for 10 years (that\u2019s right, they really are guaranteed for 10 years) to prove our excellence.<\/li>\n<li>At our practice, the practitioner alone touches the patients\u2019 mouths, never the assistants.<\/li>\n<li>We practice dentistry based on scientific evidence; we believe that creative and experimental dentistry (the recent big trend) should only be used on lab rats.<\/li>\n<li>Of course not forgetting:\n<ul>\n<li>Prompt appointments<\/li>\n<li>The latest dental techniques and technologies (laser treatments, painless electronic anaesthesia etc.<\/li>\n<\/ul>\n<\/li>\n<\/ul>\n<h2 style=\"text-align: center;\">STAFF<\/h2>\n<p>&nbsp;<\/p>\n<p>Our staff members have achieved certifications and taken several courses in \u201cdental practice sterilisation and asepsis\u201d and in-depth professional \u201cdental assistant\u201d courses (required for the triple QSE certification).<\/p>\n<ul style=\"list-style-type: circle;\">\n<li>Sakina: Receptionist<\/li>\n<li>Wafae: Surgical assistant, stock management<\/li>\n<li>Fadoua: Surgical assistant, stock management<\/li>\n<li>Aicha: Centre housekeeping and maintenance<\/li>\n<li>Salaheddine: Sterilisation, maintenance<\/li>\n<\/ul>\n","protected":false},"excerpt":{"rendered":"<p>Our practice is a health centre for your teeth. Forget about the stress, smell (it couldn\u2019t be more recognisable and nauseating) and look of a regular dental practice; you\u2019ll feel you\u2019re in a warm and cosy space with a bespoke VIP treatment. Expertise, professionalism and integrity as standard. The appliances, equipment and materials used to [&hellip;]<\/p>\n","protected":false},"author":12,"featured_media":0,"parent":0,"menu_order":0,"comment_status":"closed","ping_status":"closed","template":"template-slider.php","meta":{"_acf_changed":false,"footnotes":""},"class_list":["post-279","page","type-page","status-publish","hentry"],"acf":[],"yoast_head":"<!-- This site is optimized with the Yoast SEO plugin v25.2 - https:\/\/yoast.com\/wordpress\/plugins\/seo\/ -->\n<title>CENTER - Centre Dentaire Multisp\u00e9cialis\u00e9 de Tanger<\/title>\n<meta name=\"robots\" content=\"index, follow, max-snippet:-1, max-image-preview:large, max-video-preview:-1\" \/>\n<link rel=\"canonical\" href=\"https:\/\/dentistetanger.com\/en\/le-centre\/\" \/>\n<meta property=\"og:locale\" content=\"en_US\" \/>\n<meta property=\"og:type\" content=\"article\" \/>\n<meta property=\"og:title\" content=\"CENTER - Centre Dentaire Multisp\u00e9cialis\u00e9 de Tanger\" \/>\n<meta property=\"og:description\" content=\"Our practice is a health centre for your teeth. Forget about the stress, smell (it couldn\u2019t be more recognisable and nauseating) and look of a regular dental practice; you\u2019ll feel you\u2019re in a warm and cosy space with a bespoke VIP treatment. Expertise, professionalism and integrity as standard. The appliances, equipment and materials used to [&hellip;]\" \/>\n<meta property=\"og:url\" content=\"https:\/\/dentistetanger.com\/en\/le-centre\/\" \/>\n<meta property=\"og:site_name\" content=\"Centre Dentaire Multisp\u00e9cialis\u00e9 de Tanger\" \/>\n<meta property=\"article:modified_time\" content=\"2018-08-13T11:11:36+00:00\" \/>\n<meta property=\"og:image\" content=\"https:\/\/dentistetanger.com\/wp-content\/uploads\/2012\/11\/ISO-9001_EN.png\" \/>\n<meta name=\"twitter:card\" content=\"summary_large_image\" \/>\n<meta name=\"twitter:label1\" content=\"Est. reading time\" \/>\n\t<meta name=\"twitter:data1\" content=\"1 minute\" \/>\n<script type=\"application\/ld+json\" class=\"yoast-schema-graph\">{\"@context\":\"https:\/\/schema.org\",\"@graph\":[{\"@type\":\"WebPage\",\"@id\":\"https:\/\/dentistetanger.com\/en\/le-centre\/\",\"url\":\"https:\/\/dentistetanger.com\/en\/le-centre\/\",\"name\":\"CENTER - Centre Dentaire Multisp\u00e9cialis\u00e9 de Tanger\",\"isPartOf\":{\"@id\":\"https:\/\/dentistetanger.com\/#website\"},\"primaryImageOfPage\":{\"@id\":\"https:\/\/dentistetanger.com\/en\/le-centre\/#primaryimage\"},\"image\":{\"@id\":\"https:\/\/dentistetanger.com\/en\/le-centre\/#primaryimage\"},\"thumbnailUrl\":\"https:\/\/dentistetanger.com\/wp-content\/uploads\/2012\/11\/ISO-9001_EN.png\",\"datePublished\":\"2012-11-27T12:00:29+00:00\",\"dateModified\":\"2018-08-13T11:11:36+00:00\",\"breadcrumb\":{\"@id\":\"https:\/\/dentistetanger.com\/en\/le-centre\/#breadcrumb\"},\"inLanguage\":\"en-US\",\"potentialAction\":[{\"@type\":\"ReadAction\",\"target\":[\"https:\/\/dentistetanger.com\/en\/le-centre\/\"]}]},{\"@type\":\"ImageObject\",\"inLanguage\":\"en-US\",\"@id\":\"https:\/\/dentistetanger.com\/en\/le-centre\/#primaryimage\",\"url\":\"https:\/\/dentistetanger.com\/wp-content\/uploads\/2012\/11\/ISO-9001_EN.png\",\"contentUrl\":\"https:\/\/dentistetanger.com\/wp-content\/uploads\/2012\/11\/ISO-9001_EN.png\"},{\"@type\":\"BreadcrumbList\",\"@id\":\"https:\/\/dentistetanger.com\/en\/le-centre\/#breadcrumb\",\"itemListElement\":[{\"@type\":\"ListItem\",\"position\":1,\"name\":\"Accueil\",\"item\":\"https:\/\/dentistetanger.com\/en\/\"},{\"@type\":\"ListItem\",\"position\":2,\"name\":\"CENTER\"}]},{\"@type\":\"WebSite\",\"@id\":\"https:\/\/dentistetanger.com\/#website\",\"url\":\"https:\/\/dentistetanger.com\/\",\"name\":\"Centre Dentaire Multisp\u00e9cialis\u00e9 de Tanger\",\"description\":\"La dentisterie du 21\u00e8me si\u00e8cle\",\"publisher\":{\"@id\":\"https:\/\/dentistetanger.com\/#organization\"},\"potentialAction\":[{\"@type\":\"SearchAction\",\"target\":{\"@type\":\"EntryPoint\",\"urlTemplate\":\"https:\/\/dentistetanger.com\/?s={search_term_string}\"},\"query-input\":{\"@type\":\"PropertyValueSpecification\",\"valueRequired\":true,\"valueName\":\"search_term_string\"}}],\"inLanguage\":\"en-US\"},{\"@type\":\"Organization\",\"@id\":\"https:\/\/dentistetanger.com\/#organization\",\"name\":\"Centre Dentaire Multisp\u00e9cialis\u00e9 de Tanger\",\"url\":\"https:\/\/dentistetanger.com\/\",\"logo\":{\"@type\":\"ImageObject\",\"inLanguage\":\"en-US\",\"@id\":\"https:\/\/dentistetanger.com\/#\/schema\/logo\/image\/\",\"url\":\"https:\/\/dentistetanger.com\/wp-content\/uploads\/2017\/10\/cropped-logo-1.jpg\",\"contentUrl\":\"https:\/\/dentistetanger.com\/wp-content\/uploads\/2017\/10\/cropped-logo-1.jpg\",\"width\":106,\"height\":158,\"caption\":\"Centre Dentaire Multisp\u00e9cialis\u00e9 de Tanger\"},\"image\":{\"@id\":\"https:\/\/dentistetanger.com\/#\/schema\/logo\/image\/\"}}]}<\/script>\n<!-- \/ Yoast SEO plugin. -->","yoast_head_json":{"title":"CENTER - Centre Dentaire Multisp\u00e9cialis\u00e9 de Tanger","robots":{"index":"index","follow":"follow","max-snippet":"max-snippet:-1","max-image-preview":"max-image-preview:large","max-video-preview":"max-video-preview:-1"},"canonical":"https:\/\/dentistetanger.com\/en\/le-centre\/","og_locale":"en_US","og_type":"article","og_title":"CENTER - Centre Dentaire Multisp\u00e9cialis\u00e9 de Tanger","og_description":"Our practice is a health centre for your teeth. Forget about the stress, smell (it couldn\u2019t be more recognisable and nauseating) and look of a regular dental practice; you\u2019ll feel you\u2019re in a warm and cosy space with a bespoke VIP treatment. Expertise, professionalism and integrity as standard. The appliances, equipment and materials used to [&hellip;]","og_url":"https:\/\/dentistetanger.com\/en\/le-centre\/","og_site_name":"Centre Dentaire Multisp\u00e9cialis\u00e9 de Tanger","article_modified_time":"2018-08-13T11:11:36+00:00","og_image":[{"url":"https:\/\/dentistetanger.com\/wp-content\/uploads\/2012\/11\/ISO-9001_EN.png","type":"","width":"","height":""}],"twitter_card":"summary_large_image","twitter_misc":{"Est. reading time":"1 minute"},"schema":{"@context":"https:\/\/schema.org","@graph":[{"@type":"WebPage","@id":"https:\/\/dentistetanger.com\/en\/le-centre\/","url":"https:\/\/dentistetanger.com\/en\/le-centre\/","name":"CENTER - Centre Dentaire Multisp\u00e9cialis\u00e9 de Tanger","isPartOf":{"@id":"https:\/\/dentistetanger.com\/#website"},"primaryImageOfPage":{"@id":"https:\/\/dentistetanger.com\/en\/le-centre\/#primaryimage"},"image":{"@id":"https:\/\/dentistetanger.com\/en\/le-centre\/#primaryimage"},"thumbnailUrl":"https:\/\/dentistetanger.com\/wp-content\/uploads\/2012\/11\/ISO-9001_EN.png","datePublished":"2012-11-27T12:00:29+00:00","dateModified":"2018-08-13T11:11:36+00:00","breadcrumb":{"@id":"https:\/\/dentistetanger.com\/en\/le-centre\/#breadcrumb"},"inLanguage":"en-US","potentialAction":[{"@type":"ReadAction","target":["https:\/\/dentistetanger.com\/en\/le-centre\/"]}]},{"@type":"ImageObject","inLanguage":"en-US","@id":"https:\/\/dentistetanger.com\/en\/le-centre\/#primaryimage","url":"https:\/\/dentistetanger.com\/wp-content\/uploads\/2012\/11\/ISO-9001_EN.png","contentUrl":"https:\/\/dentistetanger.com\/wp-content\/uploads\/2012\/11\/ISO-9001_EN.png"},{"@type":"BreadcrumbList","@id":"https:\/\/dentistetanger.com\/en\/le-centre\/#breadcrumb","itemListElement":[{"@type":"ListItem","position":1,"name":"Accueil","item":"https:\/\/dentistetanger.com\/en\/"},{"@type":"ListItem","position":2,"name":"CENTER"}]},{"@type":"WebSite","@id":"https:\/\/dentistetanger.com\/#website","url":"https:\/\/dentistetanger.com\/","name":"Centre Dentaire Multisp\u00e9cialis\u00e9 de Tanger","description":"La dentisterie du 21\u00e8me si\u00e8cle","publisher":{"@id":"https:\/\/dentistetanger.com\/#organization"},"potentialAction":[{"@type":"SearchAction","target":{"@type":"EntryPoint","urlTemplate":"https:\/\/dentistetanger.com\/?s={search_term_string}"},"query-input":{"@type":"PropertyValueSpecification","valueRequired":true,"valueName":"search_term_string"}}],"inLanguage":"en-US"},{"@type":"Organization","@id":"https:\/\/dentistetanger.com\/#organization","name":"Centre Dentaire Multisp\u00e9cialis\u00e9 de Tanger","url":"https:\/\/dentistetanger.com\/","logo":{"@type":"ImageObject","inLanguage":"en-US","@id":"https:\/\/dentistetanger.com\/#\/schema\/logo\/image\/","url":"https:\/\/dentistetanger.com\/wp-content\/uploads\/2017\/10\/cropped-logo-1.jpg","contentUrl":"https:\/\/dentistetanger.com\/wp-content\/uploads\/2017\/10\/cropped-logo-1.jpg","width":106,"height":158,"caption":"Centre Dentaire Multisp\u00e9cialis\u00e9 de Tanger"},"image":{"@id":"https:\/\/dentistetanger.com\/#\/schema\/logo\/image\/"}}]}},"_links":{"self":[{"href":"https:\/\/dentistetanger.com\/en\/wp-json\/wp\/v2\/pages\/279","targetHints":{"allow":["GET"]}}],"collection":[{"href":"https:\/\/dentistetanger.com\/en\/wp-json\/wp\/v2\/pages"}],"about":[{"href":"https:\/\/dentistetanger.com\/en\/wp-json\/wp\/v2\/types\/page"}],"author":[{"embeddable":true,"href":"https:\/\/dentistetanger.com\/en\/wp-json\/wp\/v2\/users\/12"}],"replies":[{"embeddable":true,"href":"https:\/\/dentistetanger.com\/en\/wp-json\/wp\/v2\/comments?post=279"}],"version-history":[{"count":0,"href":"https:\/\/dentistetanger.com\/en\/wp-json\/wp\/v2\/pages\/279\/revisions"}],"wp:attachment":[{"href":"https:\/\/dentistetanger.com\/en\/wp-json\/wp\/v2\/media?parent=279"}],"curies":[{"name":"wp","href":"https:\/\/api.w.org\/{rel}","templated":true}]}}