{"id":273,"date":"2013-12-02T14:18:35","date_gmt":"2013-12-02T13:18:35","guid":{"rendered":"https:\/\/dentistetanger.com\/?page_id=273"},"modified":"2018-01-19T10:48:12","modified_gmt":"2018-01-19T09:48:12","slug":"cv","status":"publish","type":"page","link":"https:\/\/dentistetanger.com\/en\/cv\/","title":{"rendered":"Doctor Achraf Khadiri&#8217;s CV"},"content":{"rendered":"<table border=\"0\">\n<tbody>\n<tr>\n<td style=\"width: 100px;\"><b>1995 <\/b><\/td>\n<td>Lyc\u00e9e Lyautey in Casablanca, Science Baccalaureate, specialising in maths with distinction<\/td>\n<\/tr>\n<tr>\n<td><b>2000 <\/b><\/td>\n<td>Doctorate in Dental Surgery from the Casablanca Dental Medicine Faculty; thesis with the jury\u2019s congratulations on \u201cearly treatments in orthodontics\u201d<\/td>\n<\/tr>\n<tr>\n<td><b>2001 <\/b><\/td>\n<td>Paris 5 and 7 Universities: 1st year specialising in Orthodontics<\/td>\n<\/tr>\n<tr>\n<td><b>2001-2004 <\/b><\/td>\n<td>New York University post graduate course in Orthodontics, Paediatric Dentistry and Gnathology<\/td>\n<\/tr>\n<tr>\n<td><b>2004<\/b><\/td>\n<td>Part-time employment at Dr Yon Lai\u2019s Dental Practice in New York, the biggest Orthodontics Practice in New York.<\/td>\n<\/tr>\n<tr>\n<td><b>2005<\/b><\/td>\n<td>Specialist fixed prosthodontics and implant prosthetics course with Dr Kurtz in New York<\/td>\n<\/tr>\n<tr>\n<td><b>2006 <\/b><\/td>\n<td>Specialist root canal treatment course with Dr Machtou<\/td>\n<\/tr>\n<tr>\n<td><b>2008-2010 <\/b><\/td>\n<td>Specialist &#8220;new techniques in restorative and aesthetic dentistry&#8221; course in New York<\/td>\n<\/tr>\n<tr>\n<td><b>2009-2010<\/b><\/td>\n<td>Specialist Aesthetic Dentistry diploma from Georgetown Medical\u00a0School in Atlanta, USA.<br \/>\nTop dentistry placement at the prestigious Goldstein &amp; Garber &amp; Salama dental centre in Atlanta (the only Moroccan to date to have been accepted on the course). They\u2019re known as Team Atlanta\u00a0and are seen as the best private dental team in the world, the Bar\u00e7a of dentistry\u00a0;-)<\/td>\n<\/tr>\n<tr>\n<td><b>2011-2012<\/b><\/td>\n<td>Diploma in Oral Implantology and Dental Surgery with my dear friend and teacher Dr Charles Belveze<\/td>\n<\/tr>\n<tr>\n<td><b>2012 <\/b><\/td>\n<td>Diploma in Periodontology and Aesthetic Implantology with Dr Andr\u00e9 Paul Saadoun<\/td>\n<\/tr>\n<tr>\n<td><b>2012 <\/b><\/td>\n<td>INVISALIGN certification (invisible orthodontic appliances) in Monaco<\/td>\n<\/tr>\n<tr>\n<td><b>2013 <\/b><\/td>\n<td>Dental Laser certification from the World Clinical Laser Institute<\/td>\n<\/tr>\n<tr>\n<td><b>2013 <\/b><\/td>\n<td>Certificate in Anatomy, Surgery, Implantology and advanced techniques in Paris<\/td>\n<\/tr>\n<tr>\n<td><b>2013 <\/b><\/td>\n<td>Certificate in Anatomic Dissection and surgical risk assessment using human cadavers at the Paris 5 University<\/td>\n<\/tr>\n<tr>\n<td><b>2013<\/b><\/td>\n<td>ISO 9001 Quality version 2008 certification<\/td>\n<\/tr>\n<tr>\n<td><b>2015<\/b><\/td>\n<td>Hollywood smile &#8211; Lumineers (USA) certification<\/td>\n<\/tr>\n<tr>\n<td><b>2017<\/b><\/td>\n<td>Triple\u00a0QSE certification (Quality, Safety, Environment) \u2013 World first!<\/td>\n<\/tr>\n<\/tbody>\n<\/table>\n","protected":false},"excerpt":{"rendered":"<p>1995 Lyc\u00e9e Lyautey in Casablanca, Science Baccalaureate, specialising in maths with distinction 2000 Doctorate in Dental Surgery from the Casablanca Dental Medicine Faculty; thesis with the jury\u2019s congratulations on \u201cearly treatments in orthodontics\u201d 2001 Paris 5 and 7 Universities: 1st year specialising in Orthodontics 2001-2004 New York University post graduate course in Orthodontics, Paediatric Dentistry [&hellip;]<\/p>\n","protected":false},"author":12,"featured_media":0,"parent":0,"menu_order":0,"comment_status":"closed","ping_status":"closed","template":"","meta":{"_acf_changed":false,"footnotes":""},"class_list":["post-273","page","type-page","status-publish","hentry"],"acf":[],"yoast_head":"<!-- This site is optimized with the Yoast SEO plugin v25.2 - https:\/\/yoast.com\/wordpress\/plugins\/seo\/ -->\n<title>Doctor Achraf Khadiri&#039;s CV - Centre Dentaire Multisp\u00e9cialis\u00e9 de Tanger<\/title>\n<meta name=\"robots\" content=\"index, follow, max-snippet:-1, max-image-preview:large, max-video-preview:-1\" \/>\n<link rel=\"canonical\" href=\"https:\/\/dentistetanger.com\/en\/cv\/\" \/>\n<meta property=\"og:locale\" content=\"en_US\" \/>\n<meta property=\"og:type\" content=\"article\" \/>\n<meta property=\"og:title\" content=\"Doctor Achraf Khadiri&#039;s CV - Centre Dentaire Multisp\u00e9cialis\u00e9 de Tanger\" \/>\n<meta property=\"og:description\" content=\"1995 Lyc\u00e9e Lyautey in Casablanca, Science Baccalaureate, specialising in maths with distinction 2000 Doctorate in Dental Surgery from the Casablanca Dental Medicine Faculty; thesis with the jury\u2019s congratulations on \u201cearly treatments in orthodontics\u201d 2001 Paris 5 and 7 Universities: 1st year specialising in Orthodontics 2001-2004 New York University post graduate course in Orthodontics, Paediatric Dentistry [&hellip;]\" \/>\n<meta property=\"og:url\" content=\"https:\/\/dentistetanger.com\/en\/cv\/\" \/>\n<meta property=\"og:site_name\" content=\"Centre Dentaire Multisp\u00e9cialis\u00e9 de Tanger\" \/>\n<meta property=\"article:modified_time\" content=\"2018-01-19T09:48:12+00:00\" \/>\n<meta name=\"twitter:card\" content=\"summary_large_image\" \/>\n<meta name=\"twitter:label1\" content=\"Est. reading time\" \/>\n\t<meta name=\"twitter:data1\" content=\"1 minute\" \/>\n<script type=\"application\/ld+json\" class=\"yoast-schema-graph\">{\"@context\":\"https:\/\/schema.org\",\"@graph\":[{\"@type\":\"WebPage\",\"@id\":\"https:\/\/dentistetanger.com\/en\/cv\/\",\"url\":\"https:\/\/dentistetanger.com\/en\/cv\/\",\"name\":\"Doctor Achraf Khadiri's CV - Centre Dentaire Multisp\u00e9cialis\u00e9 de Tanger\",\"isPartOf\":{\"@id\":\"https:\/\/dentistetanger.com\/#website\"},\"datePublished\":\"2013-12-02T13:18:35+00:00\",\"dateModified\":\"2018-01-19T09:48:12+00:00\",\"breadcrumb\":{\"@id\":\"https:\/\/dentistetanger.com\/en\/cv\/#breadcrumb\"},\"inLanguage\":\"en-US\",\"potentialAction\":[{\"@type\":\"ReadAction\",\"target\":[\"https:\/\/dentistetanger.com\/en\/cv\/\"]}]},{\"@type\":\"BreadcrumbList\",\"@id\":\"https:\/\/dentistetanger.com\/en\/cv\/#breadcrumb\",\"itemListElement\":[{\"@type\":\"ListItem\",\"position\":1,\"name\":\"Accueil\",\"item\":\"https:\/\/dentistetanger.com\/en\/\"},{\"@type\":\"ListItem\",\"position\":2,\"name\":\"Doctor Achraf Khadiri&#8217;s CV\"}]},{\"@type\":\"WebSite\",\"@id\":\"https:\/\/dentistetanger.com\/#website\",\"url\":\"https:\/\/dentistetanger.com\/\",\"name\":\"Centre Dentaire Multisp\u00e9cialis\u00e9 de Tanger\",\"description\":\"La dentisterie du 21\u00e8me si\u00e8cle\",\"publisher\":{\"@id\":\"https:\/\/dentistetanger.com\/#organization\"},\"potentialAction\":[{\"@type\":\"SearchAction\",\"target\":{\"@type\":\"EntryPoint\",\"urlTemplate\":\"https:\/\/dentistetanger.com\/?s={search_term_string}\"},\"query-input\":{\"@type\":\"PropertyValueSpecification\",\"valueRequired\":true,\"valueName\":\"search_term_string\"}}],\"inLanguage\":\"en-US\"},{\"@type\":\"Organization\",\"@id\":\"https:\/\/dentistetanger.com\/#organization\",\"name\":\"Centre Dentaire Multisp\u00e9cialis\u00e9 de Tanger\",\"url\":\"https:\/\/dentistetanger.com\/\",\"logo\":{\"@type\":\"ImageObject\",\"inLanguage\":\"en-US\",\"@id\":\"https:\/\/dentistetanger.com\/#\/schema\/logo\/image\/\",\"url\":\"https:\/\/dentistetanger.com\/wp-content\/uploads\/2017\/10\/cropped-logo-1.jpg\",\"contentUrl\":\"https:\/\/dentistetanger.com\/wp-content\/uploads\/2017\/10\/cropped-logo-1.jpg\",\"width\":106,\"height\":158,\"caption\":\"Centre Dentaire Multisp\u00e9cialis\u00e9 de Tanger\"},\"image\":{\"@id\":\"https:\/\/dentistetanger.com\/#\/schema\/logo\/image\/\"}}]}<\/script>\n<!-- \/ Yoast SEO plugin. -->","yoast_head_json":{"title":"Doctor Achraf Khadiri's CV - Centre Dentaire Multisp\u00e9cialis\u00e9 de Tanger","robots":{"index":"index","follow":"follow","max-snippet":"max-snippet:-1","max-image-preview":"max-image-preview:large","max-video-preview":"max-video-preview:-1"},"canonical":"https:\/\/dentistetanger.com\/en\/cv\/","og_locale":"en_US","og_type":"article","og_title":"Doctor Achraf Khadiri's CV - Centre Dentaire Multisp\u00e9cialis\u00e9 de Tanger","og_description":"1995 Lyc\u00e9e Lyautey in Casablanca, Science Baccalaureate, specialising in maths with distinction 2000 Doctorate in Dental Surgery from the Casablanca Dental Medicine Faculty; thesis with the jury\u2019s congratulations on \u201cearly treatments in orthodontics\u201d 2001 Paris 5 and 7 Universities: 1st year specialising in Orthodontics 2001-2004 New York University post graduate course in Orthodontics, Paediatric Dentistry [&hellip;]","og_url":"https:\/\/dentistetanger.com\/en\/cv\/","og_site_name":"Centre Dentaire Multisp\u00e9cialis\u00e9 de Tanger","article_modified_time":"2018-01-19T09:48:12+00:00","twitter_card":"summary_large_image","twitter_misc":{"Est. reading time":"1 minute"},"schema":{"@context":"https:\/\/schema.org","@graph":[{"@type":"WebPage","@id":"https:\/\/dentistetanger.com\/en\/cv\/","url":"https:\/\/dentistetanger.com\/en\/cv\/","name":"Doctor Achraf Khadiri's CV - Centre Dentaire Multisp\u00e9cialis\u00e9 de Tanger","isPartOf":{"@id":"https:\/\/dentistetanger.com\/#website"},"datePublished":"2013-12-02T13:18:35+00:00","dateModified":"2018-01-19T09:48:12+00:00","breadcrumb":{"@id":"https:\/\/dentistetanger.com\/en\/cv\/#breadcrumb"},"inLanguage":"en-US","potentialAction":[{"@type":"ReadAction","target":["https:\/\/dentistetanger.com\/en\/cv\/"]}]},{"@type":"BreadcrumbList","@id":"https:\/\/dentistetanger.com\/en\/cv\/#breadcrumb","itemListElement":[{"@type":"ListItem","position":1,"name":"Accueil","item":"https:\/\/dentistetanger.com\/en\/"},{"@type":"ListItem","position":2,"name":"Doctor Achraf Khadiri&#8217;s CV"}]},{"@type":"WebSite","@id":"https:\/\/dentistetanger.com\/#website","url":"https:\/\/dentistetanger.com\/","name":"Centre Dentaire Multisp\u00e9cialis\u00e9 de Tanger","description":"La dentisterie du 21\u00e8me si\u00e8cle","publisher":{"@id":"https:\/\/dentistetanger.com\/#organization"},"potentialAction":[{"@type":"SearchAction","target":{"@type":"EntryPoint","urlTemplate":"https:\/\/dentistetanger.com\/?s={search_term_string}"},"query-input":{"@type":"PropertyValueSpecification","valueRequired":true,"valueName":"search_term_string"}}],"inLanguage":"en-US"},{"@type":"Organization","@id":"https:\/\/dentistetanger.com\/#organization","name":"Centre Dentaire Multisp\u00e9cialis\u00e9 de Tanger","url":"https:\/\/dentistetanger.com\/","logo":{"@type":"ImageObject","inLanguage":"en-US","@id":"https:\/\/dentistetanger.com\/#\/schema\/logo\/image\/","url":"https:\/\/dentistetanger.com\/wp-content\/uploads\/2017\/10\/cropped-logo-1.jpg","contentUrl":"https:\/\/dentistetanger.com\/wp-content\/uploads\/2017\/10\/cropped-logo-1.jpg","width":106,"height":158,"caption":"Centre Dentaire Multisp\u00e9cialis\u00e9 de Tanger"},"image":{"@id":"https:\/\/dentistetanger.com\/#\/schema\/logo\/image\/"}}]}},"_links":{"self":[{"href":"https:\/\/dentistetanger.com\/en\/wp-json\/wp\/v2\/pages\/273","targetHints":{"allow":["GET"]}}],"collection":[{"href":"https:\/\/dentistetanger.com\/en\/wp-json\/wp\/v2\/pages"}],"about":[{"href":"https:\/\/dentistetanger.com\/en\/wp-json\/wp\/v2\/types\/page"}],"author":[{"embeddable":true,"href":"https:\/\/dentistetanger.com\/en\/wp-json\/wp\/v2\/users\/12"}],"replies":[{"embeddable":true,"href":"https:\/\/dentistetanger.com\/en\/wp-json\/wp\/v2\/comments?post=273"}],"version-history":[{"count":0,"href":"https:\/\/dentistetanger.com\/en\/wp-json\/wp\/v2\/pages\/273\/revisions"}],"wp:attachment":[{"href":"https:\/\/dentistetanger.com\/en\/wp-json\/wp\/v2\/media?parent=273"}],"curies":[{"name":"wp","href":"https:\/\/api.w.org\/{rel}","templated":true}]}}