{"id":269,"date":"2013-12-02T14:19:06","date_gmt":"2013-12-02T13:19:06","guid":{"rendered":"https:\/\/dentistetanger.com\/?page_id=269"},"modified":"2018-01-16T10:46:43","modified_gmt":"2018-01-16T09:46:43","slug":"histoire-personnelle","status":"publish","type":"page","link":"https:\/\/dentistetanger.com\/en\/histoire-personnelle\/","title":{"rendered":"Personal history"},"content":{"rendered":"<p>I won\u2019t lie and tell you that I\u2019ve always dreamt of being a dentist, I wanted to play football for Bar\u00e7a but my future was in dentistry;\u00a0 I got my science baccalaureate specialising in maths with distinction from the Lyc\u00e9e Lyautey in Casablanca so I went through a process of elimination seeing as every avenue was open to me; I didn\u2019t want a boss or fixed working hours so I needed to be self-employed. I drew up a shortlist (lawyer, architect, pharmacist, doctor, dentist, trader), began ruling them out and ended up at dental school; it\u2019s the hardest school to get into as well (80 places for 5000 applications).<\/p>\n<p>At the beginning I\u2019ll admit that I hated it and regretted my decision, I think that it was mainly due to the national education system\u2019s mediocre teaching. When I arrived in Paris my opinion began to change but the lightbulb moment came in New York when being taught by the best teachers in the world completely revolutionised my concepts. The quest for excellence is a religion there so it really fuelled my drive to push myself.<\/p>\n<p>My drive to push myself and to prove the excellence to which I aspire saw me take on the incredible challenge of having my dental practice certified by the quality ISO 9001 standard. It required a huge amount of effort and sacrifice but we got it in November 2012; our excellence was officially set in stone.<\/p>\n<p>5 years and a few grey hairs later (a necessary side effect of ambition and evolution) I took on an even more incredible challenge: to get the famous triple QSE certification (Quality, Safety, Environment), especially since no other doctor or dentist in the world (that\u2019s right, \u201cin the world\u201d) had managed to get it!<\/p>\n<p>Alhamdulillah, I am officially the first in the world to have it since summer 2017.<\/p>\n<p>At the start of my training the term \u201cdental art\u201d was drilled into me but meant nothing to me. I believe that dentistry involves treating teeth and has nothing to do with art. Over the years I came to truly grasp the meaning of the term; it is a true form of art (miniature of course) but you can\u2019t achieve excellence in dentistry if your results aren\u2019t a work of art. You have to be a seriously good artist to attempt to reproduce a divine creation or else the patient won\u2019t be happy with it. As a matter of fact, the difference between a great dentist, a good dentist and a regular dentist is that the latter still doesn\u2019t see dentistry as an art, the second sees it as an art but doesn\u2019t have the technique or experience required to achieve artistic results and the first is an artist and strives to be one.<\/p>\n<p>There\u2019s also a new generation of 2.0 dentists living in wonderland who think that the dental experiments they see on YouTube can happen in real life on patients they treat like lab rats.<\/p>\n<p>I don\u2019t pretend to be the best dentist but I hope to be the best.<\/p>\n<p>I prefer that the results and actions speak for themselves.<\/p>\n<p>Dr Achraf Khadiri<\/p>\n","protected":false},"excerpt":{"rendered":"<p>I won\u2019t lie and tell you that I\u2019ve always dreamt of being a dentist, I wanted to play football for Bar\u00e7a but my future was in dentistry;\u00a0 I got my science baccalaureate specialising in maths with distinction from the Lyc\u00e9e Lyautey in Casablanca so I went through a process of elimination seeing as every avenue [&hellip;]<\/p>\n","protected":false},"author":12,"featured_media":0,"parent":0,"menu_order":0,"comment_status":"closed","ping_status":"closed","template":"","meta":{"_acf_changed":false,"footnotes":""},"class_list":["post-269","page","type-page","status-publish","hentry"],"acf":[],"yoast_head":"<!-- This site is optimized with the Yoast SEO plugin v25.2 - https:\/\/yoast.com\/wordpress\/plugins\/seo\/ -->\n<title>Personal history - Centre Dentaire Multisp\u00e9cialis\u00e9 de Tanger<\/title>\n<meta name=\"robots\" content=\"index, follow, max-snippet:-1, max-image-preview:large, max-video-preview:-1\" \/>\n<link rel=\"canonical\" href=\"https:\/\/dentistetanger.com\/en\/histoire-personnelle\/\" \/>\n<meta property=\"og:locale\" content=\"en_US\" \/>\n<meta property=\"og:type\" content=\"article\" \/>\n<meta property=\"og:title\" content=\"Personal history - Centre Dentaire Multisp\u00e9cialis\u00e9 de Tanger\" \/>\n<meta property=\"og:description\" content=\"I won\u2019t lie and tell you that I\u2019ve always dreamt of being a dentist, I wanted to play football for Bar\u00e7a but my future was in dentistry;\u00a0 I got my science baccalaureate specialising in maths with distinction from the Lyc\u00e9e Lyautey in Casablanca so I went through a process of elimination seeing as every avenue [&hellip;]\" \/>\n<meta property=\"og:url\" content=\"https:\/\/dentistetanger.com\/en\/histoire-personnelle\/\" \/>\n<meta property=\"og:site_name\" content=\"Centre Dentaire Multisp\u00e9cialis\u00e9 de Tanger\" \/>\n<meta property=\"article:modified_time\" content=\"2018-01-16T09:46:43+00:00\" \/>\n<meta name=\"twitter:card\" content=\"summary_large_image\" \/>\n<meta name=\"twitter:label1\" content=\"Est. reading time\" \/>\n\t<meta name=\"twitter:data1\" content=\"3 minutes\" \/>\n<script type=\"application\/ld+json\" class=\"yoast-schema-graph\">{\"@context\":\"https:\/\/schema.org\",\"@graph\":[{\"@type\":\"WebPage\",\"@id\":\"https:\/\/dentistetanger.com\/en\/histoire-personnelle\/\",\"url\":\"https:\/\/dentistetanger.com\/en\/histoire-personnelle\/\",\"name\":\"Personal history - Centre Dentaire Multisp\u00e9cialis\u00e9 de Tanger\",\"isPartOf\":{\"@id\":\"https:\/\/dentistetanger.com\/#website\"},\"datePublished\":\"2013-12-02T13:19:06+00:00\",\"dateModified\":\"2018-01-16T09:46:43+00:00\",\"breadcrumb\":{\"@id\":\"https:\/\/dentistetanger.com\/en\/histoire-personnelle\/#breadcrumb\"},\"inLanguage\":\"en-US\",\"potentialAction\":[{\"@type\":\"ReadAction\",\"target\":[\"https:\/\/dentistetanger.com\/en\/histoire-personnelle\/\"]}]},{\"@type\":\"BreadcrumbList\",\"@id\":\"https:\/\/dentistetanger.com\/en\/histoire-personnelle\/#breadcrumb\",\"itemListElement\":[{\"@type\":\"ListItem\",\"position\":1,\"name\":\"Accueil\",\"item\":\"https:\/\/dentistetanger.com\/en\/\"},{\"@type\":\"ListItem\",\"position\":2,\"name\":\"Personal history\"}]},{\"@type\":\"WebSite\",\"@id\":\"https:\/\/dentistetanger.com\/#website\",\"url\":\"https:\/\/dentistetanger.com\/\",\"name\":\"Centre Dentaire Multisp\u00e9cialis\u00e9 de Tanger\",\"description\":\"La dentisterie du 21\u00e8me si\u00e8cle\",\"publisher\":{\"@id\":\"https:\/\/dentistetanger.com\/#organization\"},\"potentialAction\":[{\"@type\":\"SearchAction\",\"target\":{\"@type\":\"EntryPoint\",\"urlTemplate\":\"https:\/\/dentistetanger.com\/?s={search_term_string}\"},\"query-input\":{\"@type\":\"PropertyValueSpecification\",\"valueRequired\":true,\"valueName\":\"search_term_string\"}}],\"inLanguage\":\"en-US\"},{\"@type\":\"Organization\",\"@id\":\"https:\/\/dentistetanger.com\/#organization\",\"name\":\"Centre Dentaire Multisp\u00e9cialis\u00e9 de Tanger\",\"url\":\"https:\/\/dentistetanger.com\/\",\"logo\":{\"@type\":\"ImageObject\",\"inLanguage\":\"en-US\",\"@id\":\"https:\/\/dentistetanger.com\/#\/schema\/logo\/image\/\",\"url\":\"https:\/\/dentistetanger.com\/wp-content\/uploads\/2017\/10\/cropped-logo-1.jpg\",\"contentUrl\":\"https:\/\/dentistetanger.com\/wp-content\/uploads\/2017\/10\/cropped-logo-1.jpg\",\"width\":106,\"height\":158,\"caption\":\"Centre Dentaire Multisp\u00e9cialis\u00e9 de Tanger\"},\"image\":{\"@id\":\"https:\/\/dentistetanger.com\/#\/schema\/logo\/image\/\"}}]}<\/script>\n<!-- \/ Yoast SEO plugin. -->","yoast_head_json":{"title":"Personal history - Centre Dentaire Multisp\u00e9cialis\u00e9 de Tanger","robots":{"index":"index","follow":"follow","max-snippet":"max-snippet:-1","max-image-preview":"max-image-preview:large","max-video-preview":"max-video-preview:-1"},"canonical":"https:\/\/dentistetanger.com\/en\/histoire-personnelle\/","og_locale":"en_US","og_type":"article","og_title":"Personal history - Centre Dentaire Multisp\u00e9cialis\u00e9 de Tanger","og_description":"I won\u2019t lie and tell you that I\u2019ve always dreamt of being a dentist, I wanted to play football for Bar\u00e7a but my future was in dentistry;\u00a0 I got my science baccalaureate specialising in maths with distinction from the Lyc\u00e9e Lyautey in Casablanca so I went through a process of elimination seeing as every avenue [&hellip;]","og_url":"https:\/\/dentistetanger.com\/en\/histoire-personnelle\/","og_site_name":"Centre Dentaire Multisp\u00e9cialis\u00e9 de Tanger","article_modified_time":"2018-01-16T09:46:43+00:00","twitter_card":"summary_large_image","twitter_misc":{"Est. reading time":"3 minutes"},"schema":{"@context":"https:\/\/schema.org","@graph":[{"@type":"WebPage","@id":"https:\/\/dentistetanger.com\/en\/histoire-personnelle\/","url":"https:\/\/dentistetanger.com\/en\/histoire-personnelle\/","name":"Personal history - Centre Dentaire Multisp\u00e9cialis\u00e9 de Tanger","isPartOf":{"@id":"https:\/\/dentistetanger.com\/#website"},"datePublished":"2013-12-02T13:19:06+00:00","dateModified":"2018-01-16T09:46:43+00:00","breadcrumb":{"@id":"https:\/\/dentistetanger.com\/en\/histoire-personnelle\/#breadcrumb"},"inLanguage":"en-US","potentialAction":[{"@type":"ReadAction","target":["https:\/\/dentistetanger.com\/en\/histoire-personnelle\/"]}]},{"@type":"BreadcrumbList","@id":"https:\/\/dentistetanger.com\/en\/histoire-personnelle\/#breadcrumb","itemListElement":[{"@type":"ListItem","position":1,"name":"Accueil","item":"https:\/\/dentistetanger.com\/en\/"},{"@type":"ListItem","position":2,"name":"Personal history"}]},{"@type":"WebSite","@id":"https:\/\/dentistetanger.com\/#website","url":"https:\/\/dentistetanger.com\/","name":"Centre Dentaire Multisp\u00e9cialis\u00e9 de Tanger","description":"La dentisterie du 21\u00e8me si\u00e8cle","publisher":{"@id":"https:\/\/dentistetanger.com\/#organization"},"potentialAction":[{"@type":"SearchAction","target":{"@type":"EntryPoint","urlTemplate":"https:\/\/dentistetanger.com\/?s={search_term_string}"},"query-input":{"@type":"PropertyValueSpecification","valueRequired":true,"valueName":"search_term_string"}}],"inLanguage":"en-US"},{"@type":"Organization","@id":"https:\/\/dentistetanger.com\/#organization","name":"Centre Dentaire Multisp\u00e9cialis\u00e9 de Tanger","url":"https:\/\/dentistetanger.com\/","logo":{"@type":"ImageObject","inLanguage":"en-US","@id":"https:\/\/dentistetanger.com\/#\/schema\/logo\/image\/","url":"https:\/\/dentistetanger.com\/wp-content\/uploads\/2017\/10\/cropped-logo-1.jpg","contentUrl":"https:\/\/dentistetanger.com\/wp-content\/uploads\/2017\/10\/cropped-logo-1.jpg","width":106,"height":158,"caption":"Centre Dentaire Multisp\u00e9cialis\u00e9 de Tanger"},"image":{"@id":"https:\/\/dentistetanger.com\/#\/schema\/logo\/image\/"}}]}},"_links":{"self":[{"href":"https:\/\/dentistetanger.com\/en\/wp-json\/wp\/v2\/pages\/269","targetHints":{"allow":["GET"]}}],"collection":[{"href":"https:\/\/dentistetanger.com\/en\/wp-json\/wp\/v2\/pages"}],"about":[{"href":"https:\/\/dentistetanger.com\/en\/wp-json\/wp\/v2\/types\/page"}],"author":[{"embeddable":true,"href":"https:\/\/dentistetanger.com\/en\/wp-json\/wp\/v2\/users\/12"}],"replies":[{"embeddable":true,"href":"https:\/\/dentistetanger.com\/en\/wp-json\/wp\/v2\/comments?post=269"}],"version-history":[{"count":0,"href":"https:\/\/dentistetanger.com\/en\/wp-json\/wp\/v2\/pages\/269\/revisions"}],"wp:attachment":[{"href":"https:\/\/dentistetanger.com\/en\/wp-json\/wp\/v2\/media?parent=269"}],"curies":[{"name":"wp","href":"https:\/\/api.w.org\/{rel}","templated":true}]}}